{"id":2412,"date":"2022-07-04T16:18:35","date_gmt":"2022-07-04T19:18:35","guid":{"rendered":"https:\/\/mateamos.eu\/cura-te-alma\/"},"modified":"2022-08-01T20:41:25","modified_gmt":"2022-08-01T23:41:25","slug":"cura-te-alma","status":"publish","type":"page","link":"https:\/\/mateamos.eu\/es\/cura-te-alma\/","title":{"rendered":"Cura T\u00e9 Alma"},"content":{"rendered":"<p>[et_pb_section fb_built=\u00bb1&#8243; disabled_on=\u00bboff|off|off\u00bb _builder_version=\u00bb4.17.4&#8243; custom_padding=\u00bb2.5%||1%||false|false\u00bb locked=\u00bboff\u00bb global_colors_info=\u00bb{}\u00bb][et_pb_row _builder_version=\u00bb4.16.0&#8243; width_tablet=\u00bb\u00bb width_phone=\u00bb100%\u00bb width_last_edited=\u00bbon|phone\u00bb max_width_tablet=\u00bb\u00bb max_width_phone=\u00bb95%\u00bb max_width_last_edited=\u00bbon|phone\u00bb custom_padding=\u00bb0px||||false|false\u00bb locked=\u00bboff\u00bb global_colors_info=\u00bb{}\u00bb][et_pb_column type=\u00bb4_4&#8243; _builder_version=\u00bb4.16&#8243; custom_padding=\u00bb|||\u00bb global_colors_info=\u00bb{}\u00bb custom_padding__hover=\u00bb|||\u00bb][et_pb_text admin_label=\u00bbTitle\u00bb _builder_version=\u00bb4.17.4&#8243; text_font=\u00bb||||||||\u00bb header_font=\u00bb||||||||\u00bb header_line_height=\u00bb1.2em\u00bb header_2_font=\u00bbMate Amos|700||on|||||\u00bb header_2_text_align=\u00bbcenter\u00bb header_2_text_color=\u00bbgcid-3403dd54-f02e-4bca-86f3-d9a9533a88d0&#8243; header_2_font_size=\u00bb50px\u00bb header_2_letter_spacing=\u00bb2px\u00bb header_2_line_height=\u00bb1.3em\u00bb text_orientation=\u00bbcenter\u00bb width=\u00bb100%\u00bb max_width=\u00bb100%\u00bb custom_margin=\u00bb||||false|false\u00bb animation_style=\u00bbfade\u00bb animation_direction=\u00bbleft\u00bb animation_starting_opacity=\u00bb100%\u00bb header_2_font_size_tablet=\u00bb40px\u00bb header_2_font_size_phone=\u00bb29px\u00bb header_2_font_size_last_edited=\u00bbon|tablet\u00bb global_colors_info=\u00bb{%22gcid-3403dd54-f02e-4bca-86f3-d9a9533a88d0%22:%91%22header_2_text_color%22%93}\u00bb]<\/p>\n<h2>Cura T\u00e9 Alma<\/h2>\n<p>[\/et_pb_text][\/et_pb_column][\/et_pb_row][\/et_pb_section][et_pb_section fb_built=\u00bb1&#8243; _builder_version=\u00bb4.17.4&#8243; _module_preset=\u00bbdefault\u00bb custom_padding=\u00bb0px||8%||false|false\u00bb global_colors_info=\u00bb{}\u00bb][et_pb_row column_structure=\u00bb1_2,1_2&#8243; use_custom_gutter=\u00bbon\u00bb gutter_width=\u00bb2&#8243; make_equal=\u00bbon\u00bb _builder_version=\u00bb4.17.4&#8243; _module_preset=\u00bbdefault\u00bb width=\u00bb90%\u00bb max_width=\u00bb90%\u00bb custom_padding=\u00bb0px||0px||true|false\u00bb global_colors_info=\u00bb{}\u00bb][et_pb_column type=\u00bb1_2&#8243; _builder_version=\u00bb4.17.4&#8243; _module_preset=\u00bbdefault\u00bb global_colors_info=\u00bb{}\u00bb][et_pb_text _builder_version=\u00bb4.17.6&#8243; text_font=\u00bbMate Amos||||||||\u00bb text_font_size=\u00bb22px\u00bb text_line_height=\u00bb1.3em\u00bb link_font=\u00bb||||||||\u00bb ul_font=\u00bb||||||||\u00bb header_font=\u00bb||||||||\u00bb header_2_font=\u00bb||||||||\u00bb header_3_font=\u00bb||||||||\u00bb header_3_font_size=\u00bb45px\u00bb header_3_line_height=\u00bb1.5em\u00bb header_4_font=\u00bb||||||||\u00bb header_5_font=\u00bbPoppins|700||on|||||\u00bb header_5_text_color=\u00bb#ecd5c5&#8243; header_5_letter_spacing=\u00bb15px\u00bb header_5_line_height=\u00bb1.8em\u00bb text_orientation=\u00bbjustified\u00bb width=\u00bb100%\u00bb max_width=\u00bb100%\u00bb max_width_tablet=\u00bb100%\u00bb max_width_phone=\u00bb100%\u00bb max_width_last_edited=\u00bboff|desktop\u00bb module_alignment=\u00bbright\u00bb custom_margin=\u00bb|||\u00bb custom_padding=\u00bb|||\u00bb hover_enabled=\u00bb0&#8243; text_font_size_tablet=\u00bb22px\u00bb text_font_size_phone=\u00bb17px\u00bb text_font_size_last_edited=\u00bbon|phone\u00bb locked=\u00bboff\u00bb global_colors_info=\u00bb{}\u00bb sticky_enabled=\u00bb0&#8243;]Cura T\u00e9 Alma nace como libre expresi\u00f3n del esp\u00edritu y de la naturaleza. Sabores y perfumes, cuya motivaci\u00f3n emocional se funde en m\u00e1gicos blends de T\u00e9.<\/p>\n<p>Embajadora del t\u00e9 de autor, la marca recorre Argentina dejando una impronta irrepetible basada en el inter\u00e9s por esta cultura milenaria, la meditaci\u00f3n y las virtudes del ser humano como el amor, la perseverancia, la sabidur\u00eda, el compromiso y la voluntad, entre otras.<\/p>\n<p>Los paladares entendidos reconocen y degustan nuestros blends. Los amantes de esta bebida nos hacen crecer y nos dan el impulso para transformarnos en una marca premium con sello propio y de alcance internacional, que participa en ferias internacionales y exigentes espacios gourmet.<\/p>\n<p>Cura T\u00e9 Alma retoma conocimientos ancestrales de los efectos curativos de la Camelia Sinensis (T\u00e9). Y a trav\u00e9s de \u201cla ceremonia del t\u00e9\u201d, invita a la trascendencia del ser, proponiendo un tiempo para disfrutar y despertar el interior.<\/p>\n<p>Cuerpo y mente sanos y en libertad para deleitarse con aromas y sabores que nos transportan e inspiran a vivir en armon\u00eda con el entorno.<\/p>\n<p>Cuidarse y cuidar a otros es cultivarse la buena vida.[\/et_pb_text][\/et_pb_column][et_pb_column type=\u00bb1_2&#8243; _builder_version=\u00bb4.17.4&#8243; _module_preset=\u00bbdefault\u00bb background_video_mp4=\u00bbhttps:\/\/mateamos.eu\/wp-content\/uploads\/2022\/07\/curatealmaa.mp4&#8243; global_colors_info=\u00bb{}\u00bb][et_pb_code _builder_version=\u00bb4.17.4&#8243; _module_preset=\u00bbdefault\u00bb global_colors_info=\u00bb{}\u00bb]<!-- [et_pb_line_break_holder] --><!-- [et_pb_line_break_holder] -->[\/et_pb_code][\/et_pb_column][\/et_pb_row][\/et_pb_section][et_pb_section fb_built=\u00bb1&#8243; admin_label=\u00bbFooter Section\u00bb _builder_version=\u00bb4.16.0&#8243; background_color=\u00bbgcid-56da7bb1-c615-42a4-aa26-e8b512970283&#8243; background_enable_image=\u00bboff\u00bb background_blend=\u00bboverlay\u00bb width=\u00bb100%\u00bb max_width=\u00bb100%\u00bb custom_margin=\u00bb||||false|false\u00bb custom_padding=\u00bb0px|0px|0px|0px|true|true\u00bb global_module=\u00bb960&#8243; saved_tabs=\u00bball\u00bb locked=\u00bboff\u00bb global_colors_info=\u00bb{%22gcid-56da7bb1-c615-42a4-aa26-e8b512970283%22:%91%22background_color%22%93}\u00bb][et_pb_row column_structure=\u00bb2_5,3_5&#8243; make_equal=\u00bbon\u00bb _builder_version=\u00bb4.17.4&#8243; background_color=\u00bb#f3f3f1&#8243; width=\u00bb100%\u00bb width_tablet=\u00bb\u00bb width_phone=\u00bb100%\u00bb width_last_edited=\u00bbon|phone\u00bb max_width=\u00bb100%\u00bb max_width_tablet=\u00bb\u00bb max_width_phone=\u00bb95%\u00bb max_width_last_edited=\u00bbon|phone\u00bb custom_margin=\u00bb||||false|false\u00bb custom_padding=\u00bb0px||0px||true|false\u00bb global_colors_info=\u00bb{}\u00bb][et_pb_column type=\u00bb2_5&#8243; _builder_version=\u00bb4.17.4&#8243; background_enable_color=\u00bboff\u00bb custom_padding=\u00bb3%|0%|3%|5%|true|false\u00bb global_colors_info=\u00bb{%22gcid-57e945b5-a6dc-4599-8530-b97b6bf64104%22:%91%22background_color%22%93}\u00bb custom_padding__hover=\u00bb|||\u00bb][et_pb_text _builder_version=\u00bb4.17.4&#8243; _module_preset=\u00bbdefault\u00bb text_font=\u00bbMate Amos||||||||\u00bb header_font=\u00bbMate Amos||||||||\u00bb header_2_font=\u00bbMate Amos|800||on|||||\u00bb header_2_text_align=\u00bbcenter\u00bb header_2_text_color=\u00bb#bead82&#8243; header_2_font_size=\u00bb55px\u00bb header_2_letter_spacing=\u00bb2px\u00bb header_2_line_height=\u00bb1.3em\u00bb custom_padding=\u00bb||||false|false\u00bb header_2_text_align_tablet=\u00bb\u00bb header_2_text_align_phone=\u00bbcenter\u00bb header_2_text_align_last_edited=\u00bbon|phone\u00bb header_2_font_size_tablet=\u00bb\u00bb header_2_font_size_phone=\u00bb50px\u00bb header_2_font_size_last_edited=\u00bbon|phone\u00bb global_colors_info=\u00bb{}\u00bb]<\/p>\n<h2 class=\"et_pb_module_header et-fb-editable-element et-fb-editable-element__editing\" contenteditable=\"true\" data-shortcode-id=\"6.1.0.0-1638198219145\" data-quickaccess-id=\"header\">Bienvenidos a la comunidad!<\/h2>\n<p>[\/et_pb_text][et_pb_text _builder_version=\u00bb4.17.4&#8243; _module_preset=\u00bbdefault\u00bb text_font=\u00bbMate Amos||||||||\u00bb text_text_color=\u00bb#bead82&#8243; text_font_size=\u00bb19px\u00bb text_line_height=\u00bb1em\u00bb header_font=\u00bbMate Amos||||||||\u00bb custom_padding=\u00bb|||16px|false|false\u00bb global_colors_info=\u00bb{}\u00bb]Recib\u00ed todas las novedades de nuestros productos y nuestras promociones.[\/et_pb_text][et_pb_code _builder_version=\u00bb4.17.4&#8243; _module_preset=\u00bbdefault\u00bb module_alignment=\u00bbright\u00bb global_colors_info=\u00bb{}\u00bb]<!-- Optin - Inicio --><!-- [et_pb_line_break_holder] --><\/p>\n<div id=\"optin-3H6nN2aF\" data-type=\"inline\"><\/div>\n<p><!-- [et_pb_line_break_holder] --><!-- [et_pb_line_break_holder] --><script type=\"text\/javascript\" src=\"https:\/\/optin.myperfit.com\/res\/js\/curatealma\/3H6nN2aF.js\"><\/script><!-- [et_pb_line_break_holder] --><!-- Optin - Fin --><!-- [et_pb_line_break_holder] --><!-- Estilos Personalizados - Inicio --><!-- [et_pb_line_break_holder] --><\/p>\n<style><!-- [et_pb_line_break_holder] -->div.p-body {<!-- [et_pb_line_break_holder] --> \/* Color de fondo del formulario *\/<!-- [et_pb_line_break_holder] -->  background-color: rgba(255,255,255,0);<!-- [et_pb_line_break_holder] -->\tcolor: #333333;<!-- [et_pb_line_break_holder] -->}<!-- [et_pb_line_break_holder] --><!-- [et_pb_line_break_holder] -->.p-optin div.p-header,<!-- [et_pb_line_break_holder] -->.p-optin .p-body button,<!-- [et_pb_line_break_holder] -->button.p-open {<!-- [et_pb_line_break_holder] --> \/* Color de fondo de encabezado y bot\u00f3n *\/<!-- [et_pb_line_break_holder] --> background: #9ea45d;<!-- [et_pb_line_break_holder] --> \/* Color de texto de encabezado y bot\u00f3n *\/<!-- [et_pb_line_break_holder] --> color: #FFFFFF;<!-- [et_pb_line_break_holder] -->}<!-- [et_pb_line_break_holder] --><!-- [et_pb_line_break_holder] -->.p-optin .p-body button:hover,<!-- [et_pb_line_break_holder] -->button.p-open:hover{<!-- [et_pb_line_break_holder] --> \/* Color hover de bot\u00f3n *\/<!-- [et_pb_line_break_holder] --> background:#000000;<!-- [et_pb_line_break_holder] --> opacity: 0.8;<!-- [et_pb_line_break_holder] -->}<!-- [et_pb_line_break_holder] --><!-- [et_pb_line_break_holder] -->.p-optin div.p-body p,<!-- [et_pb_line_break_holder] -->.p-optin div.p-field label span,<!-- [et_pb_line_break_holder] -->.p-optin .p-body .p-success {<!-- [et_pb_line_break_holder] --> \/* Color de texto del formulario *\/<!-- [et_pb_line_break_holder] --> color: #ffffff !important;<!-- [et_pb_line_break_holder] -->}<!-- [et_pb_line_break_holder] --><!-- [et_pb_line_break_holder] -->.p-custom .p-inline .p-optin {<!-- [et_pb_line_break_holder] -->    max-width: 100%;<!-- [et_pb_line_break_holder] -->}<!-- [et_pb_line_break_holder] --><!-- [et_pb_line_break_holder] -->.p-optin {<!-- [et_pb_line_break_holder] -->    background: rgba(255,255,255,0);<!-- [et_pb_line_break_holder] -->}<!-- [et_pb_line_break_holder] -->  <!-- [et_pb_line_break_holder] -->.p-optin .p-body {<!-- [et_pb_line_break_holder] -->    border-width: 0px;<!-- [et_pb_line_break_holder] -->    padding: 1em 3%;<!-- [et_pb_line_break_holder] -->    background: transparent; <!-- [et_pb_line_break_holder] -->}<!-- [et_pb_line_break_holder] --><!-- [et_pb_line_break_holder] -->.p-optin .p-body p {<!-- [et_pb_line_break_holder] -->    display: none;<!-- [et_pb_line_break_holder] -->}<!-- [et_pb_line_break_holder] --><!-- [et_pb_line_break_holder] -->.p-optin label, .p-optin .p-field label span {<!-- [et_pb_line_break_holder] -->    display: none;<!-- [et_pb_line_break_holder] -->}<!-- [et_pb_line_break_holder] --><!-- [et_pb_line_break_holder] -->.p-optin .p-field {<!-- [et_pb_line_break_holder] -->    margin-bottom: 1.4em;<!-- [et_pb_line_break_holder] -->}<!-- [et_pb_line_break_holder] --><!-- [et_pb_line_break_holder] -->.p-optin .p-field input[type=text] {<!-- [et_pb_line_break_holder] -->    border: 0px;<!-- [et_pb_line_break_holder] -->    border-radius: 0px;<!-- [et_pb_line_break_holder] -->    font-size: 16px;<!-- [et_pb_line_break_holder] -->    padding: 0.75em;<!-- [et_pb_line_break_holder] -->    width: 100%;<!-- [et_pb_line_break_holder] -->    background: white;<!-- [et_pb_line_break_holder] -->}<!-- [et_pb_line_break_holder] --><!-- [et_pb_line_break_holder] -->.p-optin button {<!-- [et_pb_line_break_holder] -->    font-size: 16px;<!-- [et_pb_line_break_holder] -->    padding: 0.5em 1em;<!-- [et_pb_line_break_holder] -->    width: 100%;<!-- [et_pb_line_break_holder] -->    letter-spacing: 5px;<!-- [et_pb_line_break_holder] -->    font-weight: 700!important;  <!-- [et_pb_line_break_holder] -->}<!-- [et_pb_line_break_holder] --><!-- [et_pb_line_break_holder] -->.p-open, .p-optin button {<!-- [et_pb_line_break_holder] -->    border-radius: 0px;<!-- [et_pb_line_break_holder] -->    padding: 0.75em 1em;<!-- [et_pb_line_break_holder] -->}<!-- [et_pb_line_break_holder] --><!-- [et_pb_line_break_holder] -->.p-optin .p-field .p-error-message {<!-- [et_pb_line_break_holder] -->    color: #FFFFFF;<!-- [et_pb_line_break_holder] -->    font-style: normal;<!-- [et_pb_line_break_holder] -->    font-size: 16px;<!-- [et_pb_line_break_holder] -->    font-weight: 700!important;<!-- [et_pb_line_break_holder] -->    letter-spacing: 2px;<!-- [et_pb_line_break_holder] -->}<!-- [et_pb_line_break_holder] --><!-- [et_pb_line_break_holder] --><\/style>\n<p><!-- [et_pb_line_break_holder] --><!-- Estilos Personalizados - Fin-->[\/et_pb_code][\/et_pb_column][et_pb_column type=\u00bb3_5&#8243; _builder_version=\u00bb4.17.4&#8243; background_image=\u00bbhttps:\/\/mateamos.eu\/wp-content\/uploads\/2022\/07\/CuraTe-15_05_22_0445-B-ret.jpg\u00bb custom_padding=\u00bb|||\u00bb global_colors_info=\u00bb{}\u00bb custom_padding__hover=\u00bb|||\u00bb][\/et_pb_column][\/et_pb_row][\/et_pb_section]<\/p>\n","protected":false},"excerpt":{"rendered":"<p>Cura T\u00e9 AlmaCura T\u00e9 Alma nace como libre expresi\u00f3n del esp\u00edritu y de la naturaleza. Sabores y perfumes, cuya motivaci\u00f3n emocional se funde en m\u00e1gicos blends de T\u00e9. Embajadora del t\u00e9 de autor, la marca recorre Argentina dejando una impronta irrepetible basada en el inter\u00e9s por esta cultura milenaria, la meditaci\u00f3n y las virtudes del [&hellip;]<\/p>\n","protected":false},"author":1,"featured_media":0,"parent":0,"menu_order":0,"comment_status":"closed","ping_status":"closed","template":"","meta":{"_acf_changed":false,"_et_pb_use_builder":"on","_et_pb_old_content":"","_et_gb_content_width":"","_joinchat":[],"footnotes":""},"class_list":["post-2412","page","type-page","status-publish","hentry"],"acf":[],"yoast_head":"<!-- This site is optimized with the Yoast SEO plugin v27.4 - https:\/\/yoast.com\/product\/yoast-seo-wordpress\/ -->\n<title>Cura T\u00e9 Alma - Mate Amos<\/title>\n<meta name=\"robots\" content=\"index, follow, max-snippet:-1, max-image-preview:large, max-video-preview:-1\" \/>\n<link rel=\"canonical\" href=\"https:\/\/mateamos.eu\/es\/cura-te-alma\/\" \/>\n<meta property=\"og:locale\" content=\"es_ES\" \/>\n<meta property=\"og:type\" content=\"article\" \/>\n<meta property=\"og:title\" content=\"Cura T\u00e9 Alma - Mate Amos\" \/>\n<meta property=\"og:description\" content=\"Cura T\u00e9 AlmaCura T\u00e9 Alma nace como libre expresi\u00f3n del esp\u00edritu y de la naturaleza. Sabores y perfumes, cuya motivaci\u00f3n emocional se funde en m\u00e1gicos blends de T\u00e9. Embajadora del t\u00e9 de autor, la marca recorre Argentina dejando una impronta irrepetible basada en el inter\u00e9s por esta cultura milenaria, la meditaci\u00f3n y las virtudes del [&hellip;]\" \/>\n<meta property=\"og:url\" content=\"https:\/\/mateamos.eu\/es\/cura-te-alma\/\" \/>\n<meta property=\"og:site_name\" content=\"Mate Amos\" \/>\n<meta property=\"article:modified_time\" content=\"2022-08-01T23:41:25+00:00\" \/>\n<meta name=\"twitter:card\" content=\"summary_large_image\" \/>\n<meta name=\"twitter:label1\" content=\"Tiempo de lectura\" \/>\n\t<meta name=\"twitter:data1\" content=\"5 minutos\" \/>\n<script type=\"application\/ld+json\" class=\"yoast-schema-graph\">{\"@context\":\"https:\\\/\\\/schema.org\",\"@graph\":[{\"@type\":\"WebPage\",\"@id\":\"https:\\\/\\\/mateamos.eu\\\/es\\\/cura-te-alma\\\/\",\"url\":\"https:\\\/\\\/mateamos.eu\\\/es\\\/cura-te-alma\\\/\",\"name\":\"Cura T\u00e9 Alma - Mate Amos\",\"isPartOf\":{\"@id\":\"https:\\\/\\\/mateamos.eu\\\/#website\"},\"datePublished\":\"2022-07-04T19:18:35+00:00\",\"dateModified\":\"2022-08-01T23:41:25+00:00\",\"breadcrumb\":{\"@id\":\"https:\\\/\\\/mateamos.eu\\\/es\\\/cura-te-alma\\\/#breadcrumb\"},\"inLanguage\":\"es\",\"potentialAction\":[{\"@type\":\"ReadAction\",\"target\":[\"https:\\\/\\\/mateamos.eu\\\/es\\\/cura-te-alma\\\/\"]}]},{\"@type\":\"BreadcrumbList\",\"@id\":\"https:\\\/\\\/mateamos.eu\\\/es\\\/cura-te-alma\\\/#breadcrumb\",\"itemListElement\":[{\"@type\":\"ListItem\",\"position\":1,\"name\":\"Portada\",\"item\":\"https:\\\/\\\/mateamos.eu\\\/es\\\/home\\\/\"},{\"@type\":\"ListItem\",\"position\":2,\"name\":\"Cura T\u00e9 Alma\"}]},{\"@type\":\"WebSite\",\"@id\":\"https:\\\/\\\/mateamos.eu\\\/#website\",\"url\":\"https:\\\/\\\/mateamos.eu\\\/\",\"name\":\"Mate Amos\",\"description\":\"Yerba Mate Premium\",\"publisher\":{\"@id\":\"https:\\\/\\\/mateamos.eu\\\/#organization\"},\"potentialAction\":[{\"@type\":\"SearchAction\",\"target\":{\"@type\":\"EntryPoint\",\"urlTemplate\":\"https:\\\/\\\/mateamos.eu\\\/?s={search_term_string}\"},\"query-input\":{\"@type\":\"PropertyValueSpecification\",\"valueRequired\":true,\"valueName\":\"search_term_string\"}}],\"inLanguage\":\"es\"},{\"@type\":\"Organization\",\"@id\":\"https:\\\/\\\/mateamos.eu\\\/#organization\",\"name\":\"Cura T\u00e9 Alma\",\"url\":\"https:\\\/\\\/mateamos.eu\\\/\",\"logo\":{\"@type\":\"ImageObject\",\"inLanguage\":\"es\",\"@id\":\"https:\\\/\\\/mateamos.eu\\\/#\\\/schema\\\/logo\\\/image\\\/\",\"url\":\"https:\\\/\\\/mateamos.eu\\\/wp-content\\\/uploads\\\/2021\\\/10\\\/mateamos.png\",\"contentUrl\":\"https:\\\/\\\/mateamos.eu\\\/wp-content\\\/uploads\\\/2021\\\/10\\\/mateamos.png\",\"width\":512,\"height\":512,\"caption\":\"Cura T\u00e9 Alma\"},\"image\":{\"@id\":\"https:\\\/\\\/mateamos.eu\\\/#\\\/schema\\\/logo\\\/image\\\/\"}}]}<\/script>\n<!-- \/ Yoast SEO plugin. -->","yoast_head_json":{"title":"Cura T\u00e9 Alma - Mate Amos","robots":{"index":"index","follow":"follow","max-snippet":"max-snippet:-1","max-image-preview":"max-image-preview:large","max-video-preview":"max-video-preview:-1"},"canonical":"https:\/\/mateamos.eu\/es\/cura-te-alma\/","og_locale":"es_ES","og_type":"article","og_title":"Cura T\u00e9 Alma - Mate Amos","og_description":"Cura T\u00e9 AlmaCura T\u00e9 Alma nace como libre expresi\u00f3n del esp\u00edritu y de la naturaleza. Sabores y perfumes, cuya motivaci\u00f3n emocional se funde en m\u00e1gicos blends de T\u00e9. Embajadora del t\u00e9 de autor, la marca recorre Argentina dejando una impronta irrepetible basada en el inter\u00e9s por esta cultura milenaria, la meditaci\u00f3n y las virtudes del [&hellip;]","og_url":"https:\/\/mateamos.eu\/es\/cura-te-alma\/","og_site_name":"Mate Amos","article_modified_time":"2022-08-01T23:41:25+00:00","twitter_card":"summary_large_image","twitter_misc":{"Tiempo de lectura":"5 minutos"},"schema":{"@context":"https:\/\/schema.org","@graph":[{"@type":"WebPage","@id":"https:\/\/mateamos.eu\/es\/cura-te-alma\/","url":"https:\/\/mateamos.eu\/es\/cura-te-alma\/","name":"Cura T\u00e9 Alma - Mate Amos","isPartOf":{"@id":"https:\/\/mateamos.eu\/#website"},"datePublished":"2022-07-04T19:18:35+00:00","dateModified":"2022-08-01T23:41:25+00:00","breadcrumb":{"@id":"https:\/\/mateamos.eu\/es\/cura-te-alma\/#breadcrumb"},"inLanguage":"es","potentialAction":[{"@type":"ReadAction","target":["https:\/\/mateamos.eu\/es\/cura-te-alma\/"]}]},{"@type":"BreadcrumbList","@id":"https:\/\/mateamos.eu\/es\/cura-te-alma\/#breadcrumb","itemListElement":[{"@type":"ListItem","position":1,"name":"Portada","item":"https:\/\/mateamos.eu\/es\/home\/"},{"@type":"ListItem","position":2,"name":"Cura T\u00e9 Alma"}]},{"@type":"WebSite","@id":"https:\/\/mateamos.eu\/#website","url":"https:\/\/mateamos.eu\/","name":"Mate Amos","description":"Yerba Mate Premium","publisher":{"@id":"https:\/\/mateamos.eu\/#organization"},"potentialAction":[{"@type":"SearchAction","target":{"@type":"EntryPoint","urlTemplate":"https:\/\/mateamos.eu\/?s={search_term_string}"},"query-input":{"@type":"PropertyValueSpecification","valueRequired":true,"valueName":"search_term_string"}}],"inLanguage":"es"},{"@type":"Organization","@id":"https:\/\/mateamos.eu\/#organization","name":"Cura T\u00e9 Alma","url":"https:\/\/mateamos.eu\/","logo":{"@type":"ImageObject","inLanguage":"es","@id":"https:\/\/mateamos.eu\/#\/schema\/logo\/image\/","url":"https:\/\/mateamos.eu\/wp-content\/uploads\/2021\/10\/mateamos.png","contentUrl":"https:\/\/mateamos.eu\/wp-content\/uploads\/2021\/10\/mateamos.png","width":512,"height":512,"caption":"Cura T\u00e9 Alma"},"image":{"@id":"https:\/\/mateamos.eu\/#\/schema\/logo\/image\/"}}]}},"_links":{"self":[{"href":"https:\/\/mateamos.eu\/es\/wp-json\/wp\/v2\/pages\/2412","targetHints":{"allow":["GET"]}}],"collection":[{"href":"https:\/\/mateamos.eu\/es\/wp-json\/wp\/v2\/pages"}],"about":[{"href":"https:\/\/mateamos.eu\/es\/wp-json\/wp\/v2\/types\/page"}],"author":[{"embeddable":true,"href":"https:\/\/mateamos.eu\/es\/wp-json\/wp\/v2\/users\/1"}],"replies":[{"embeddable":true,"href":"https:\/\/mateamos.eu\/es\/wp-json\/wp\/v2\/comments?post=2412"}],"version-history":[{"count":4,"href":"https:\/\/mateamos.eu\/es\/wp-json\/wp\/v2\/pages\/2412\/revisions"}],"predecessor-version":[{"id":2749,"href":"https:\/\/mateamos.eu\/es\/wp-json\/wp\/v2\/pages\/2412\/revisions\/2749"}],"wp:attachment":[{"href":"https:\/\/mateamos.eu\/es\/wp-json\/wp\/v2\/media?parent=2412"}],"curies":[{"name":"wp","href":"https:\/\/api.w.org\/{rel}","templated":true}]}}