{"id":2471,"date":"2022-07-06T09:27:12","date_gmt":"2022-07-06T12:27:12","guid":{"rendered":"https:\/\/mateamos.eu\/tiempo-de-entrega-y-gastos-de-envio\/"},"modified":"2022-07-06T09:27:13","modified_gmt":"2022-07-06T12:27:13","slug":"tiempo-de-entrega-y-gastos-de-envio","status":"publish","type":"page","link":"https:\/\/mateamos.eu\/es\/tiempo-de-entrega-y-gastos-de-envio\/","title":{"rendered":"Tiempo de Entrega y Gastos de Env\u00edo"},"content":{"rendered":"<p>[et_pb_section fb_built=\u00bb1&#8243; _builder_version=\u00bb4.16&#8243; custom_padding=\u00bb|0px||||\u00bb global_colors_info=\u00bb{}\u00bb locked=\u00bboff\u00bb theme_builder_area=\u00bbpost_content\u00bb][et_pb_row _builder_version=\u00bb4.17.4&#8243; background_size=\u00bbinitial\u00bb background_position=\u00bbtop_left\u00bb background_repeat=\u00bbrepeat\u00bb width=\u00bb90%\u00bb max_width=\u00bb90%\u00bb global_colors_info=\u00bb{}\u00bb theme_builder_area=\u00bbpost_content\u00bb][et_pb_column type=\u00bb4_4&#8243; _builder_version=\u00bb4.16&#8243; custom_padding=\u00bb|||\u00bb global_colors_info=\u00bb{}\u00bb custom_padding__hover=\u00bb|||\u00bb theme_builder_area=\u00bbpost_content\u00bb][et_pb_text _builder_version=\u00bb4.17.4&#8243; text_font=\u00bbMate Amos||||||||\u00bb text_font_size=\u00bb20px\u00bb text_line_height=\u00bb1.6em\u00bb header_font=\u00bbMate Amos|700||on|||||\u00bb header_text_align=\u00bbcenter\u00bb header_font_size=\u00bb33px\u00bb header_line_height=\u00bb1.7em\u00bb header_3_font=\u00bbMate Amos|700||on|||||\u00bb header_3_line_height=\u00bb2em\u00bb header_4_font=\u00bbMate Amos||||||||\u00bb header_4_font_size=\u00bb19px\u00bb header_4_line_height=\u00bb1.2em\u00bb background_size=\u00bbinitial\u00bb background_position=\u00bbtop_left\u00bb background_repeat=\u00bbrepeat\u00bb hover_enabled=\u00bb0&#8243; global_colors_info=\u00bb{}\u00bb theme_builder_area=\u00bbpost_content\u00bb sticky_enabled=\u00bb0&#8243;]<\/p>\n<h1><span style=\"text-decoration: underline;\">TIEMPO DE ENTREGA Y GASTOS DE ENV\u00cdO<br \/>\n<\/span><\/h1>\n<p><span style=\"font-weight: 400;\">Una vez que haya realizado su pedido, lo procesaremos y lo entregaremos al transportista. Es posible que se exija una firma en el momento de la entrega. Si no est\u00e1s en casa cuando el transportista te entrega el paquete, te dejar\u00e1 una nota explicando d\u00f3nde y c\u00f3mo puedes recoger tu pedido de Mate Amos. Tenga en cuenta que no podemos cambiar la direcci\u00f3n de entrega una vez que el pedido ha sido procesado. En el caso de que no haya recogido su pedido, \u00e9ste ser\u00e1 devuelto y procesado como una devoluci\u00f3n. No podemos reenviar su pedido, en este caso tendr\u00e1 que hacer el pedido de nuevo.<\/span><\/p>\n<p><span style=\"font-weight: 400;\"><strong>Destino del env\u00edo:<\/strong> Pa\u00edses Bajos<br \/>\n<\/span><span style=\"font-weight: 400;\">Entrega en un plazo de 1 a 3 d\u00edas laborables.<\/span><\/p>\n<p><span style=\"font-weight: 400;\"><strong>Destino del env\u00edo:<\/strong> Europa<br \/>\n<\/span><span style=\"font-weight: 400;\">Entrega en 2-5 d\u00edas laborables.<\/span><\/p>\n<p><span style=\"font-weight: 400;\"><strong>Destino del env\u00edo:<\/strong> Reino Unido<br \/>\n<\/span><span style=\"font-weight: 400;\">Entrega en 4-7 d\u00edas laborables.<\/span><\/p>\n<p><span style=\"font-weight: 400;\"><strong>Destino del env\u00edo:<\/strong> Europa Resto del mundo<br \/>\n<\/span><span style=\"font-weight: 400;\">Entrega en 1-2 semanas.<\/span><\/p>\n<p><span style=\"font-weight: 400;\">Tenga en cuenta que los plazos de entrega indicados son estimados y pueden variar de la realidad.<\/span><\/p>\n<p><span style=\"font-weight: 400;\">Haremos todo lo posible para entregar su pedido lo antes posible. Los pedidos realizados en d\u00edas laborables antes de las 21:30 horas, intentamos enviarlos el mismo d\u00eda. Lamentablemente, no siempre lo conseguimos, a veces los productos no est\u00e1n en stock y entonces la entrega de su pedido puede tardar un poco m\u00e1s. La p\u00e1gina de productos muestra si un producto est\u00e1 en stock. Si, por cualquier motivo, no pudi\u00e9ramos cumplir con este plazo de entrega, naturalmente le informaremos lo antes posible.<\/span><\/p>\n<p><span style=\"font-weight: 400;\">Los gastos de env\u00edo dependen del tama\u00f1o del producto solicitado y del pa\u00eds al que se env\u00ede. A continuaci\u00f3n encontrar\u00e1 un resumen de los gastos de env\u00edo:<\/span><\/p>\n<p><span style=\"font-weight: 400;\">Env\u00edo gratuito para todas las compras a partir de 60 euros en los Pa\u00edses Bajos. Para las compras a partir de 100 euros con env\u00edo a Europa (fuera de los Pa\u00edses Bajos), no hay gastos de env\u00edo. La entrega se realizar\u00e1 a trav\u00e9s de DHL (Pa\u00edses Bajos) y DPB (fuera de los Pa\u00edses Bajos).<\/span><\/p>\n<p><span style=\"font-weight: 400;\">Vea a continuaci\u00f3n un resumen de los costes por tipo de env\u00edo y por destino:<\/span><\/p>\n<p><span style=\"font-weight: 400;\"><strong>Pa\u00edses Bajos:<\/strong> \u20ac 4,95 (DHL)<\/span><\/p>\n<p><span style=\"font-weight: 400;\"><strong>B\u00e9lgica, Luxemburgo y Alemania:<\/strong> \u20ac 7,25 (DPD)<\/span><\/p>\n<p><span style=\"font-weight: 400;\"><strong>Francia y Reino Unido:<\/strong> \u20ac 12.95 (DPD)<\/span><\/p>\n<p><span style=\"font-weight: 400;\"><strong>Espa\u00f1a:<\/strong> \u20ac 18.75 (DPD)<\/span><\/p>\n<p><span style=\"font-weight: 400;\">Para los env\u00edos en los Pa\u00edses Bajos, la entrega se realizar\u00e1 generalmente entre las 9:00 y las 18:00 del siguiente d\u00eda laborable. Lamentablemente, no podemos garantizar el plazo de entrega. Todos los env\u00edos pueden seguirse mediante un sistema de seguimiento y localizaci\u00f3n. A trav\u00e9s de este enlace se puede seguir la entrega y el transportista en cuesti\u00f3n dar\u00e1 una indicaci\u00f3n de cu\u00e1ndo se puede esperar la entrega. Recibir\u00e1 los datos de seguimiento y localizaci\u00f3n cuando el paquete est\u00e9 listo para ser enviado. A veces puede pasar un tiempo antes de que el enlace se active. Esto tiene que ver con la emisi\u00f3n y la activaci\u00f3n del enlace por parte del transportista seleccionado.<\/span><\/p>\n<p><span style=\"font-weight: 400;\">Los gastos de env\u00edo para los pedidos fuera de la UE se calculan por pedido y dependen de la direcci\u00f3n de entrega y del peso y volumen del pedido.\u00a0 <\/span><\/p>\n<p><!-- \/divi:paragraph -->[\/et_pb_text][\/et_pb_column][\/et_pb_row][\/et_pb_section]<\/p>\n","protected":false},"excerpt":{"rendered":"<p>TIEMPO DE ENTREGA Y GASTOS DE ENV\u00cdO Una vez que haya realizado su pedido, lo procesaremos y lo entregaremos al transportista. Es posible que se exija una firma en el momento de la entrega. Si no est\u00e1s en casa cuando el transportista te entrega el paquete, te dejar\u00e1 una nota explicando d\u00f3nde y c\u00f3mo puedes [&hellip;]<\/p>\n","protected":false},"author":1,"featured_media":0,"parent":0,"menu_order":0,"comment_status":"closed","ping_status":"closed","template":"","meta":{"_acf_changed":false,"_et_pb_use_builder":"on","_et_pb_old_content":"","_et_gb_content_width":"","_joinchat":[],"footnotes":""},"class_list":["post-2471","page","type-page","status-publish","hentry"],"acf":[],"yoast_head":"<!-- This site is optimized with the Yoast SEO plugin v27.4 - https:\/\/yoast.com\/product\/yoast-seo-wordpress\/ -->\n<title>Tiempo de Entrega y Gastos de Env\u00edo - Mate Amos<\/title>\n<meta name=\"robots\" content=\"index, follow, max-snippet:-1, max-image-preview:large, max-video-preview:-1\" \/>\n<link rel=\"canonical\" href=\"https:\/\/mateamos.eu\/delivery-time-shipping-costs\/\" \/>\n<meta property=\"og:locale\" content=\"es_ES\" \/>\n<meta property=\"og:type\" content=\"article\" \/>\n<meta property=\"og:title\" content=\"Tiempo de Entrega y Gastos de Env\u00edo - Mate Amos\" \/>\n<meta property=\"og:description\" content=\"TIEMPO DE ENTREGA Y GASTOS DE ENV\u00cdO Una vez que haya realizado su pedido, lo procesaremos y lo entregaremos al transportista. Es posible que se exija una firma en el momento de la entrega. Si no est\u00e1s en casa cuando el transportista te entrega el paquete, te dejar\u00e1 una nota explicando d\u00f3nde y c\u00f3mo puedes [&hellip;]\" \/>\n<meta property=\"og:url\" content=\"https:\/\/mateamos.eu\/delivery-time-shipping-costs\/\" \/>\n<meta property=\"og:site_name\" content=\"Mate Amos\" \/>\n<meta property=\"article:modified_time\" content=\"2022-07-06T12:27:13+00:00\" \/>\n<meta name=\"twitter:card\" content=\"summary_large_image\" \/>\n<meta name=\"twitter:label1\" content=\"Tiempo de lectura\" \/>\n\t<meta name=\"twitter:data1\" content=\"4 minutos\" \/>\n<script type=\"application\/ld+json\" class=\"yoast-schema-graph\">{\"@context\":\"https:\\\/\\\/schema.org\",\"@graph\":[{\"@type\":\"WebPage\",\"@id\":\"https:\\\/\\\/mateamos.eu\\\/delivery-time-shipping-costs\\\/\",\"url\":\"https:\\\/\\\/mateamos.eu\\\/delivery-time-shipping-costs\\\/\",\"name\":\"Tiempo de Entrega y Gastos de Env\u00edo - Mate Amos\",\"isPartOf\":{\"@id\":\"https:\\\/\\\/mateamos.eu\\\/#website\"},\"datePublished\":\"2022-07-06T12:27:12+00:00\",\"dateModified\":\"2022-07-06T12:27:13+00:00\",\"breadcrumb\":{\"@id\":\"https:\\\/\\\/mateamos.eu\\\/delivery-time-shipping-costs\\\/#breadcrumb\"},\"inLanguage\":\"es\",\"potentialAction\":[{\"@type\":\"ReadAction\",\"target\":[\"https:\\\/\\\/mateamos.eu\\\/delivery-time-shipping-costs\\\/\"]}]},{\"@type\":\"BreadcrumbList\",\"@id\":\"https:\\\/\\\/mateamos.eu\\\/delivery-time-shipping-costs\\\/#breadcrumb\",\"itemListElement\":[{\"@type\":\"ListItem\",\"position\":1,\"name\":\"Portada\",\"item\":\"https:\\\/\\\/mateamos.eu\\\/es\\\/home\\\/\"},{\"@type\":\"ListItem\",\"position\":2,\"name\":\"Tiempo de Entrega y Gastos de Env\u00edo\"}]},{\"@type\":\"WebSite\",\"@id\":\"https:\\\/\\\/mateamos.eu\\\/#website\",\"url\":\"https:\\\/\\\/mateamos.eu\\\/\",\"name\":\"Mate Amos\",\"description\":\"Yerba Mate Premium\",\"publisher\":{\"@id\":\"https:\\\/\\\/mateamos.eu\\\/#organization\"},\"potentialAction\":[{\"@type\":\"SearchAction\",\"target\":{\"@type\":\"EntryPoint\",\"urlTemplate\":\"https:\\\/\\\/mateamos.eu\\\/?s={search_term_string}\"},\"query-input\":{\"@type\":\"PropertyValueSpecification\",\"valueRequired\":true,\"valueName\":\"search_term_string\"}}],\"inLanguage\":\"es\"},{\"@type\":\"Organization\",\"@id\":\"https:\\\/\\\/mateamos.eu\\\/#organization\",\"name\":\"Cura T\u00e9 Alma\",\"url\":\"https:\\\/\\\/mateamos.eu\\\/\",\"logo\":{\"@type\":\"ImageObject\",\"inLanguage\":\"es\",\"@id\":\"https:\\\/\\\/mateamos.eu\\\/#\\\/schema\\\/logo\\\/image\\\/\",\"url\":\"https:\\\/\\\/mateamos.eu\\\/wp-content\\\/uploads\\\/2021\\\/10\\\/mateamos.png\",\"contentUrl\":\"https:\\\/\\\/mateamos.eu\\\/wp-content\\\/uploads\\\/2021\\\/10\\\/mateamos.png\",\"width\":512,\"height\":512,\"caption\":\"Cura T\u00e9 Alma\"},\"image\":{\"@id\":\"https:\\\/\\\/mateamos.eu\\\/#\\\/schema\\\/logo\\\/image\\\/\"}}]}<\/script>\n<!-- \/ Yoast SEO plugin. -->","yoast_head_json":{"title":"Tiempo de Entrega y Gastos de Env\u00edo - Mate Amos","robots":{"index":"index","follow":"follow","max-snippet":"max-snippet:-1","max-image-preview":"max-image-preview:large","max-video-preview":"max-video-preview:-1"},"canonical":"https:\/\/mateamos.eu\/delivery-time-shipping-costs\/","og_locale":"es_ES","og_type":"article","og_title":"Tiempo de Entrega y Gastos de Env\u00edo - Mate Amos","og_description":"TIEMPO DE ENTREGA Y GASTOS DE ENV\u00cdO Una vez que haya realizado su pedido, lo procesaremos y lo entregaremos al transportista. Es posible que se exija una firma en el momento de la entrega. Si no est\u00e1s en casa cuando el transportista te entrega el paquete, te dejar\u00e1 una nota explicando d\u00f3nde y c\u00f3mo puedes [&hellip;]","og_url":"https:\/\/mateamos.eu\/delivery-time-shipping-costs\/","og_site_name":"Mate Amos","article_modified_time":"2022-07-06T12:27:13+00:00","twitter_card":"summary_large_image","twitter_misc":{"Tiempo de lectura":"4 minutos"},"schema":{"@context":"https:\/\/schema.org","@graph":[{"@type":"WebPage","@id":"https:\/\/mateamos.eu\/delivery-time-shipping-costs\/","url":"https:\/\/mateamos.eu\/delivery-time-shipping-costs\/","name":"Tiempo de Entrega y Gastos de Env\u00edo - Mate Amos","isPartOf":{"@id":"https:\/\/mateamos.eu\/#website"},"datePublished":"2022-07-06T12:27:12+00:00","dateModified":"2022-07-06T12:27:13+00:00","breadcrumb":{"@id":"https:\/\/mateamos.eu\/delivery-time-shipping-costs\/#breadcrumb"},"inLanguage":"es","potentialAction":[{"@type":"ReadAction","target":["https:\/\/mateamos.eu\/delivery-time-shipping-costs\/"]}]},{"@type":"BreadcrumbList","@id":"https:\/\/mateamos.eu\/delivery-time-shipping-costs\/#breadcrumb","itemListElement":[{"@type":"ListItem","position":1,"name":"Portada","item":"https:\/\/mateamos.eu\/es\/home\/"},{"@type":"ListItem","position":2,"name":"Tiempo de Entrega y Gastos de Env\u00edo"}]},{"@type":"WebSite","@id":"https:\/\/mateamos.eu\/#website","url":"https:\/\/mateamos.eu\/","name":"Mate Amos","description":"Yerba Mate Premium","publisher":{"@id":"https:\/\/mateamos.eu\/#organization"},"potentialAction":[{"@type":"SearchAction","target":{"@type":"EntryPoint","urlTemplate":"https:\/\/mateamos.eu\/?s={search_term_string}"},"query-input":{"@type":"PropertyValueSpecification","valueRequired":true,"valueName":"search_term_string"}}],"inLanguage":"es"},{"@type":"Organization","@id":"https:\/\/mateamos.eu\/#organization","name":"Cura T\u00e9 Alma","url":"https:\/\/mateamos.eu\/","logo":{"@type":"ImageObject","inLanguage":"es","@id":"https:\/\/mateamos.eu\/#\/schema\/logo\/image\/","url":"https:\/\/mateamos.eu\/wp-content\/uploads\/2021\/10\/mateamos.png","contentUrl":"https:\/\/mateamos.eu\/wp-content\/uploads\/2021\/10\/mateamos.png","width":512,"height":512,"caption":"Cura T\u00e9 Alma"},"image":{"@id":"https:\/\/mateamos.eu\/#\/schema\/logo\/image\/"}}]}},"_links":{"self":[{"href":"https:\/\/mateamos.eu\/es\/wp-json\/wp\/v2\/pages\/2471","targetHints":{"allow":["GET"]}}],"collection":[{"href":"https:\/\/mateamos.eu\/es\/wp-json\/wp\/v2\/pages"}],"about":[{"href":"https:\/\/mateamos.eu\/es\/wp-json\/wp\/v2\/types\/page"}],"author":[{"embeddable":true,"href":"https:\/\/mateamos.eu\/es\/wp-json\/wp\/v2\/users\/1"}],"replies":[{"embeddable":true,"href":"https:\/\/mateamos.eu\/es\/wp-json\/wp\/v2\/comments?post=2471"}],"version-history":[{"count":2,"href":"https:\/\/mateamos.eu\/es\/wp-json\/wp\/v2\/pages\/2471\/revisions"}],"predecessor-version":[{"id":2473,"href":"https:\/\/mateamos.eu\/es\/wp-json\/wp\/v2\/pages\/2471\/revisions\/2473"}],"wp:attachment":[{"href":"https:\/\/mateamos.eu\/es\/wp-json\/wp\/v2\/media?parent=2471"}],"curies":[{"name":"wp","href":"https:\/\/api.w.org\/{rel}","templated":true}]}}