{"id":1570,"date":"2022-04-20T12:53:25","date_gmt":"2022-06-29T01:03:51","guid":{"rendered":"https:\/\/mateamos.eu\/?post_type=product&#038;p=1570"},"modified":"2022-08-01T19:34:12","modified_gmt":"2022-08-01T22:34:12","slug":"english-clasico","status":"publish","type":"product","link":"https:\/\/mateamos.eu\/es\/shop\/te\/english-clasico\/","title":{"rendered":"English Break &#8211; Saquito de T\u00e9"},"content":{"rendered":"<p>Energ\u00eda. T\u00e9 negro. Cl\u00e1sico blend ingl\u00e9s. Robusta mezcla de Assam y Darjeeling. Para disfrutar en cualquier momento del d\u00eda.<\/p>\n<p>Estuche con apertura delantera, con 15 saquitos de t\u00e9 sobreenvueltos.<\/p>\n","protected":false},"excerpt":{"rendered":"<p>Saquitos de t\u00e9 con mezcla de Assam y Darjeeling<\/p>\n","protected":false},"featured_media":2569,"comment_status":"open","ping_status":"closed","template":"","meta":{"_acf_changed":false,"_et_pb_use_builder":"","_et_pb_old_content":"","_et_gb_content_width":"","_joinchat":[]},"product_brand":[],"product_cat":[50],"product_tag":[],"class_list":{"0":"post-1570","1":"product","2":"type-product","3":"status-publish","4":"has-post-thumbnail","6":"product_cat-te","8":"first","9":"outofstock","10":"taxable","11":"shipping-taxable","12":"purchasable","13":"product-type-simple"},"acf":{"codigoDeBarras":""},"yoast_head":"<!-- This site is optimized with the Yoast SEO plugin v27.4 - https:\/\/yoast.com\/product\/yoast-seo-wordpress\/ -->\n<title>English Break - Saquito de T\u00e9 - Mate Amos<\/title>\n<meta name=\"description\" content=\"Cl\u00e1sico blend ingl\u00e9s. Robusta mezcla de Assam y Darjeeling. Estuche con apertura delantera, con 15 saquitos de t\u00e9 sobreenvueltos.\" \/>\n<meta name=\"robots\" content=\"index, follow, max-snippet:-1, max-image-preview:large, max-video-preview:-1\" \/>\n<link rel=\"canonical\" href=\"https:\/\/mateamos.eu\/es\/shop\/te\/english-clasico\/\" \/>\n<meta property=\"og:locale\" content=\"es_ES\" \/>\n<meta property=\"og:type\" content=\"article\" \/>\n<meta property=\"og:title\" content=\"English Break - Saquito de T\u00e9 - Mate Amos\" \/>\n<meta property=\"og:description\" content=\"Cl\u00e1sico blend ingl\u00e9s. Robusta mezcla de Assam y Darjeeling. Estuche con apertura delantera, con 15 saquitos de t\u00e9 sobreenvueltos.\" \/>\n<meta property=\"og:url\" content=\"https:\/\/mateamos.eu\/es\/shop\/te\/english-clasico\/\" \/>\n<meta property=\"og:site_name\" content=\"Mate Amos\" \/>\n<meta property=\"article:modified_time\" content=\"2022-08-01T22:34:12+00:00\" \/>\n<meta property=\"og:image\" content=\"https:\/\/mateamos.eu\/wp-content\/uploads\/2022\/07\/CuraTeAlma5_19_0005-fondo-gris.jpg\" \/>\n\t<meta property=\"og:image:width\" content=\"1080\" \/>\n\t<meta property=\"og:image:height\" content=\"720\" \/>\n\t<meta property=\"og:image:type\" content=\"image\/jpeg\" \/>\n<meta name=\"twitter:card\" content=\"summary_large_image\" \/>\n<script type=\"application\/ld+json\" class=\"yoast-schema-graph\">{\"@context\":\"https:\\\/\\\/schema.org\",\"@graph\":[{\"@type\":\"WebPage\",\"@id\":\"https:\\\/\\\/mateamos.eu\\\/es\\\/shop\\\/te\\\/english-clasico\\\/\",\"url\":\"https:\\\/\\\/mateamos.eu\\\/es\\\/shop\\\/te\\\/english-clasico\\\/\",\"name\":\"English Break - Saquito de T\u00e9 - Mate Amos\",\"isPartOf\":{\"@id\":\"https:\\\/\\\/mateamos.eu\\\/#website\"},\"primaryImageOfPage\":{\"@id\":\"https:\\\/\\\/mateamos.eu\\\/es\\\/shop\\\/te\\\/english-clasico\\\/#primaryimage\"},\"image\":{\"@id\":\"https:\\\/\\\/mateamos.eu\\\/es\\\/shop\\\/te\\\/english-clasico\\\/#primaryimage\"},\"thumbnailUrl\":\"https:\\\/\\\/mateamos.eu\\\/wp-content\\\/uploads\\\/2022\\\/07\\\/CuraTeAlma5_19_0005-fondo-gris.jpg\",\"datePublished\":\"2022-06-29T01:03:51+00:00\",\"dateModified\":\"2022-08-01T22:34:12+00:00\",\"description\":\"Cl\u00e1sico blend ingl\u00e9s. Robusta mezcla de Assam y Darjeeling. Estuche con apertura delantera, con 15 saquitos de t\u00e9 sobreenvueltos.\",\"breadcrumb\":{\"@id\":\"https:\\\/\\\/mateamos.eu\\\/es\\\/shop\\\/te\\\/english-clasico\\\/#breadcrumb\"},\"inLanguage\":\"es\",\"potentialAction\":[{\"@type\":\"ReadAction\",\"target\":[\"https:\\\/\\\/mateamos.eu\\\/es\\\/shop\\\/te\\\/english-clasico\\\/\"]}]},{\"@type\":\"ImageObject\",\"inLanguage\":\"es\",\"@id\":\"https:\\\/\\\/mateamos.eu\\\/es\\\/shop\\\/te\\\/english-clasico\\\/#primaryimage\",\"url\":\"https:\\\/\\\/mateamos.eu\\\/wp-content\\\/uploads\\\/2022\\\/07\\\/CuraTeAlma5_19_0005-fondo-gris.jpg\",\"contentUrl\":\"https:\\\/\\\/mateamos.eu\\\/wp-content\\\/uploads\\\/2022\\\/07\\\/CuraTeAlma5_19_0005-fondo-gris.jpg\",\"width\":1080,\"height\":720},{\"@type\":\"BreadcrumbList\",\"@id\":\"https:\\\/\\\/mateamos.eu\\\/es\\\/shop\\\/te\\\/english-clasico\\\/#breadcrumb\",\"itemListElement\":[{\"@type\":\"ListItem\",\"position\":1,\"name\":\"Portada\",\"item\":\"https:\\\/\\\/mateamos.eu\\\/es\\\/home\\\/\"},{\"@type\":\"ListItem\",\"position\":2,\"name\":\"Tienda\",\"item\":\"https:\\\/\\\/mateamos.eu\\\/shop\\\/\"},{\"@type\":\"ListItem\",\"position\":3,\"name\":\"English Break &#8211; Saquito de T\u00e9\"}]},{\"@type\":\"WebSite\",\"@id\":\"https:\\\/\\\/mateamos.eu\\\/#website\",\"url\":\"https:\\\/\\\/mateamos.eu\\\/\",\"name\":\"Mate Amos\",\"description\":\"Yerba Mate Premium\",\"publisher\":{\"@id\":\"https:\\\/\\\/mateamos.eu\\\/#organization\"},\"potentialAction\":[{\"@type\":\"SearchAction\",\"target\":{\"@type\":\"EntryPoint\",\"urlTemplate\":\"https:\\\/\\\/mateamos.eu\\\/?s={search_term_string}\"},\"query-input\":{\"@type\":\"PropertyValueSpecification\",\"valueRequired\":true,\"valueName\":\"search_term_string\"}}],\"inLanguage\":\"es\"},{\"@type\":\"Organization\",\"@id\":\"https:\\\/\\\/mateamos.eu\\\/#organization\",\"name\":\"Cura T\u00e9 Alma\",\"url\":\"https:\\\/\\\/mateamos.eu\\\/\",\"logo\":{\"@type\":\"ImageObject\",\"inLanguage\":\"es\",\"@id\":\"https:\\\/\\\/mateamos.eu\\\/#\\\/schema\\\/logo\\\/image\\\/\",\"url\":\"https:\\\/\\\/mateamos.eu\\\/wp-content\\\/uploads\\\/2021\\\/10\\\/mateamos.png\",\"contentUrl\":\"https:\\\/\\\/mateamos.eu\\\/wp-content\\\/uploads\\\/2021\\\/10\\\/mateamos.png\",\"width\":512,\"height\":512,\"caption\":\"Cura T\u00e9 Alma\"},\"image\":{\"@id\":\"https:\\\/\\\/mateamos.eu\\\/#\\\/schema\\\/logo\\\/image\\\/\"}}]}<\/script>\n<!-- \/ Yoast SEO plugin. -->","yoast_head_json":{"title":"English Break - Saquito de T\u00e9 - Mate Amos","description":"Cl\u00e1sico blend ingl\u00e9s. Robusta mezcla de Assam y Darjeeling. Estuche con apertura delantera, con 15 saquitos de t\u00e9 sobreenvueltos.","robots":{"index":"index","follow":"follow","max-snippet":"max-snippet:-1","max-image-preview":"max-image-preview:large","max-video-preview":"max-video-preview:-1"},"canonical":"https:\/\/mateamos.eu\/es\/shop\/te\/english-clasico\/","og_locale":"es_ES","og_type":"article","og_title":"English Break - Saquito de T\u00e9 - Mate Amos","og_description":"Cl\u00e1sico blend ingl\u00e9s. Robusta mezcla de Assam y Darjeeling. Estuche con apertura delantera, con 15 saquitos de t\u00e9 sobreenvueltos.","og_url":"https:\/\/mateamos.eu\/es\/shop\/te\/english-clasico\/","og_site_name":"Mate Amos","article_modified_time":"2022-08-01T22:34:12+00:00","og_image":[{"width":1080,"height":720,"url":"https:\/\/mateamos.eu\/wp-content\/uploads\/2022\/07\/CuraTeAlma5_19_0005-fondo-gris.jpg","type":"image\/jpeg"}],"twitter_card":"summary_large_image","schema":{"@context":"https:\/\/schema.org","@graph":[{"@type":"WebPage","@id":"https:\/\/mateamos.eu\/es\/shop\/te\/english-clasico\/","url":"https:\/\/mateamos.eu\/es\/shop\/te\/english-clasico\/","name":"English Break - Saquito de T\u00e9 - Mate Amos","isPartOf":{"@id":"https:\/\/mateamos.eu\/#website"},"primaryImageOfPage":{"@id":"https:\/\/mateamos.eu\/es\/shop\/te\/english-clasico\/#primaryimage"},"image":{"@id":"https:\/\/mateamos.eu\/es\/shop\/te\/english-clasico\/#primaryimage"},"thumbnailUrl":"https:\/\/mateamos.eu\/wp-content\/uploads\/2022\/07\/CuraTeAlma5_19_0005-fondo-gris.jpg","datePublished":"2022-06-29T01:03:51+00:00","dateModified":"2022-08-01T22:34:12+00:00","description":"Cl\u00e1sico blend ingl\u00e9s. Robusta mezcla de Assam y Darjeeling. Estuche con apertura delantera, con 15 saquitos de t\u00e9 sobreenvueltos.","breadcrumb":{"@id":"https:\/\/mateamos.eu\/es\/shop\/te\/english-clasico\/#breadcrumb"},"inLanguage":"es","potentialAction":[{"@type":"ReadAction","target":["https:\/\/mateamos.eu\/es\/shop\/te\/english-clasico\/"]}]},{"@type":"ImageObject","inLanguage":"es","@id":"https:\/\/mateamos.eu\/es\/shop\/te\/english-clasico\/#primaryimage","url":"https:\/\/mateamos.eu\/wp-content\/uploads\/2022\/07\/CuraTeAlma5_19_0005-fondo-gris.jpg","contentUrl":"https:\/\/mateamos.eu\/wp-content\/uploads\/2022\/07\/CuraTeAlma5_19_0005-fondo-gris.jpg","width":1080,"height":720},{"@type":"BreadcrumbList","@id":"https:\/\/mateamos.eu\/es\/shop\/te\/english-clasico\/#breadcrumb","itemListElement":[{"@type":"ListItem","position":1,"name":"Portada","item":"https:\/\/mateamos.eu\/es\/home\/"},{"@type":"ListItem","position":2,"name":"Tienda","item":"https:\/\/mateamos.eu\/shop\/"},{"@type":"ListItem","position":3,"name":"English Break &#8211; Saquito de T\u00e9"}]},{"@type":"WebSite","@id":"https:\/\/mateamos.eu\/#website","url":"https:\/\/mateamos.eu\/","name":"Mate Amos","description":"Yerba Mate Premium","publisher":{"@id":"https:\/\/mateamos.eu\/#organization"},"potentialAction":[{"@type":"SearchAction","target":{"@type":"EntryPoint","urlTemplate":"https:\/\/mateamos.eu\/?s={search_term_string}"},"query-input":{"@type":"PropertyValueSpecification","valueRequired":true,"valueName":"search_term_string"}}],"inLanguage":"es"},{"@type":"Organization","@id":"https:\/\/mateamos.eu\/#organization","name":"Cura T\u00e9 Alma","url":"https:\/\/mateamos.eu\/","logo":{"@type":"ImageObject","inLanguage":"es","@id":"https:\/\/mateamos.eu\/#\/schema\/logo\/image\/","url":"https:\/\/mateamos.eu\/wp-content\/uploads\/2021\/10\/mateamos.png","contentUrl":"https:\/\/mateamos.eu\/wp-content\/uploads\/2021\/10\/mateamos.png","width":512,"height":512,"caption":"Cura T\u00e9 Alma"},"image":{"@id":"https:\/\/mateamos.eu\/#\/schema\/logo\/image\/"}}]}},"_links":{"self":[{"href":"https:\/\/mateamos.eu\/es\/wp-json\/wp\/v2\/product\/1570","targetHints":{"allow":["GET"]}}],"collection":[{"href":"https:\/\/mateamos.eu\/es\/wp-json\/wp\/v2\/product"}],"about":[{"href":"https:\/\/mateamos.eu\/es\/wp-json\/wp\/v2\/types\/product"}],"replies":[{"embeddable":true,"href":"https:\/\/mateamos.eu\/es\/wp-json\/wp\/v2\/comments?post=1570"}],"wp:featuredmedia":[{"embeddable":true,"href":"https:\/\/mateamos.eu\/es\/wp-json\/wp\/v2\/media\/2569"}],"wp:attachment":[{"href":"https:\/\/mateamos.eu\/es\/wp-json\/wp\/v2\/media?parent=1570"}],"wp:term":[{"taxonomy":"product_brand","embeddable":true,"href":"https:\/\/mateamos.eu\/es\/wp-json\/wp\/v2\/product_brand?post=1570"},{"taxonomy":"product_cat","embeddable":true,"href":"https:\/\/mateamos.eu\/es\/wp-json\/wp\/v2\/product_cat?post=1570"},{"taxonomy":"product_tag","embeddable":true,"href":"https:\/\/mateamos.eu\/es\/wp-json\/wp\/v2\/product_tag?post=1570"}],"curies":[{"name":"wp","href":"https:\/\/api.w.org\/{rel}","templated":true}]}}