{"id":1588,"date":"2022-04-20T12:23:16","date_gmt":"2022-06-29T01:08:07","guid":{"rendered":"https:\/\/mateamos.eu\/?post_type=product&#038;p=1588"},"modified":"2022-08-01T20:05:38","modified_gmt":"2022-08-01T23:05:38","slug":"set-de-3-latas-premium","status":"publish","type":"product","link":"https:\/\/mateamos.eu\/es\/shop\/te\/set-de-3-latas-premium\/","title":{"rendered":"Set de 3 latas premium"},"content":{"rendered":"<p>Set de Cura T\u00e9 Alma con tres latas de 50grs de mezcla premium.<\/p>\n<p>Incluye: una blend a base de t\u00e9 negro, una blend a base de t\u00e9 verde y una blend a base de t\u00e9 rojo.<\/p>\n","protected":false},"excerpt":{"rendered":"<p>Set con tres latas de 50grs de blend premium. Ideal para regalar.<\/p>\n","protected":false},"featured_media":1586,"comment_status":"open","ping_status":"closed","template":"","meta":{"_acf_changed":false,"_et_pb_use_builder":"","_et_pb_old_content":"","_et_gb_content_width":"","_joinchat":[]},"product_brand":[],"product_cat":[53,50],"product_tag":[],"class_list":{"0":"post-1588","1":"product","2":"type-product","3":"status-publish","4":"has-post-thumbnail","6":"product_cat-set-es","7":"product_cat-te","9":"first","10":"outofstock","11":"sale","12":"taxable","13":"shipping-taxable","14":"purchasable","15":"product-type-simple"},"acf":{"codigoDeBarras":""},"yoast_head":"<!-- This site is optimized with the Yoast SEO plugin v27.4 - https:\/\/yoast.com\/product\/yoast-seo-wordpress\/ -->\n<title>Set de 3 latas premium - Mate Amos<\/title>\n<meta name=\"description\" content=\"Set de blends de t\u00e9. Set con tres latas de 50grs de blend premium. Ideal para regalar.\" \/>\n<meta name=\"robots\" content=\"index, follow, max-snippet:-1, max-image-preview:large, max-video-preview:-1\" \/>\n<link rel=\"canonical\" href=\"https:\/\/mateamos.eu\/es\/shop\/te\/set-de-3-latas-premium\/\" \/>\n<meta property=\"og:locale\" content=\"es_ES\" \/>\n<meta property=\"og:type\" content=\"article\" \/>\n<meta property=\"og:title\" content=\"Set de 3 latas premium - Mate Amos\" \/>\n<meta property=\"og:description\" content=\"Set de blends de t\u00e9. Set con tres latas de 50grs de blend premium. Ideal para regalar.\" \/>\n<meta property=\"og:url\" content=\"https:\/\/mateamos.eu\/es\/shop\/te\/set-de-3-latas-premium\/\" \/>\n<meta property=\"og:site_name\" content=\"Mate Amos\" \/>\n<meta property=\"article:modified_time\" content=\"2022-08-01T23:05:38+00:00\" \/>\n<meta property=\"og:image\" content=\"https:\/\/mateamos.eu\/wp-content\/uploads\/2022\/04\/Estuche-tres-latas-plateado.png\" \/>\n\t<meta property=\"og:image:width\" content=\"1080\" \/>\n\t<meta property=\"og:image:height\" content=\"1080\" \/>\n\t<meta property=\"og:image:type\" content=\"image\/png\" \/>\n<meta name=\"twitter:card\" content=\"summary_large_image\" \/>\n<script type=\"application\/ld+json\" class=\"yoast-schema-graph\">{\"@context\":\"https:\\\/\\\/schema.org\",\"@graph\":[{\"@type\":\"WebPage\",\"@id\":\"https:\\\/\\\/mateamos.eu\\\/es\\\/shop\\\/te\\\/set-de-3-latas-premium\\\/\",\"url\":\"https:\\\/\\\/mateamos.eu\\\/es\\\/shop\\\/te\\\/set-de-3-latas-premium\\\/\",\"name\":\"Set de 3 latas premium - Mate Amos\",\"isPartOf\":{\"@id\":\"https:\\\/\\\/mateamos.eu\\\/#website\"},\"primaryImageOfPage\":{\"@id\":\"https:\\\/\\\/mateamos.eu\\\/es\\\/shop\\\/te\\\/set-de-3-latas-premium\\\/#primaryimage\"},\"image\":{\"@id\":\"https:\\\/\\\/mateamos.eu\\\/es\\\/shop\\\/te\\\/set-de-3-latas-premium\\\/#primaryimage\"},\"thumbnailUrl\":\"https:\\\/\\\/mateamos.eu\\\/wp-content\\\/uploads\\\/2022\\\/04\\\/Estuche-tres-latas-plateado.png\",\"datePublished\":\"2022-06-29T01:08:07+00:00\",\"dateModified\":\"2022-08-01T23:05:38+00:00\",\"description\":\"Set de blends de t\u00e9. Set con tres latas de 50grs de blend premium. Ideal para regalar.\",\"breadcrumb\":{\"@id\":\"https:\\\/\\\/mateamos.eu\\\/es\\\/shop\\\/te\\\/set-de-3-latas-premium\\\/#breadcrumb\"},\"inLanguage\":\"es\",\"potentialAction\":[{\"@type\":\"ReadAction\",\"target\":[\"https:\\\/\\\/mateamos.eu\\\/es\\\/shop\\\/te\\\/set-de-3-latas-premium\\\/\"]}]},{\"@type\":\"ImageObject\",\"inLanguage\":\"es\",\"@id\":\"https:\\\/\\\/mateamos.eu\\\/es\\\/shop\\\/te\\\/set-de-3-latas-premium\\\/#primaryimage\",\"url\":\"https:\\\/\\\/mateamos.eu\\\/wp-content\\\/uploads\\\/2022\\\/04\\\/Estuche-tres-latas-plateado.png\",\"contentUrl\":\"https:\\\/\\\/mateamos.eu\\\/wp-content\\\/uploads\\\/2022\\\/04\\\/Estuche-tres-latas-plateado.png\",\"width\":1080,\"height\":1080,\"caption\":\"Set tres latas. Color: plateado\"},{\"@type\":\"BreadcrumbList\",\"@id\":\"https:\\\/\\\/mateamos.eu\\\/es\\\/shop\\\/te\\\/set-de-3-latas-premium\\\/#breadcrumb\",\"itemListElement\":[{\"@type\":\"ListItem\",\"position\":1,\"name\":\"Portada\",\"item\":\"https:\\\/\\\/mateamos.eu\\\/es\\\/home\\\/\"},{\"@type\":\"ListItem\",\"position\":2,\"name\":\"Tienda\",\"item\":\"https:\\\/\\\/mateamos.eu\\\/shop\\\/\"},{\"@type\":\"ListItem\",\"position\":3,\"name\":\"Set de 3 latas premium\"}]},{\"@type\":\"WebSite\",\"@id\":\"https:\\\/\\\/mateamos.eu\\\/#website\",\"url\":\"https:\\\/\\\/mateamos.eu\\\/\",\"name\":\"Mate Amos\",\"description\":\"Yerba Mate Premium\",\"publisher\":{\"@id\":\"https:\\\/\\\/mateamos.eu\\\/#organization\"},\"potentialAction\":[{\"@type\":\"SearchAction\",\"target\":{\"@type\":\"EntryPoint\",\"urlTemplate\":\"https:\\\/\\\/mateamos.eu\\\/?s={search_term_string}\"},\"query-input\":{\"@type\":\"PropertyValueSpecification\",\"valueRequired\":true,\"valueName\":\"search_term_string\"}}],\"inLanguage\":\"es\"},{\"@type\":\"Organization\",\"@id\":\"https:\\\/\\\/mateamos.eu\\\/#organization\",\"name\":\"Cura T\u00e9 Alma\",\"url\":\"https:\\\/\\\/mateamos.eu\\\/\",\"logo\":{\"@type\":\"ImageObject\",\"inLanguage\":\"es\",\"@id\":\"https:\\\/\\\/mateamos.eu\\\/#\\\/schema\\\/logo\\\/image\\\/\",\"url\":\"https:\\\/\\\/mateamos.eu\\\/wp-content\\\/uploads\\\/2021\\\/10\\\/mateamos.png\",\"contentUrl\":\"https:\\\/\\\/mateamos.eu\\\/wp-content\\\/uploads\\\/2021\\\/10\\\/mateamos.png\",\"width\":512,\"height\":512,\"caption\":\"Cura T\u00e9 Alma\"},\"image\":{\"@id\":\"https:\\\/\\\/mateamos.eu\\\/#\\\/schema\\\/logo\\\/image\\\/\"}}]}<\/script>\n<!-- \/ Yoast SEO plugin. -->","yoast_head_json":{"title":"Set de 3 latas premium - Mate Amos","description":"Set de blends de t\u00e9. Set con tres latas de 50grs de blend premium. Ideal para regalar.","robots":{"index":"index","follow":"follow","max-snippet":"max-snippet:-1","max-image-preview":"max-image-preview:large","max-video-preview":"max-video-preview:-1"},"canonical":"https:\/\/mateamos.eu\/es\/shop\/te\/set-de-3-latas-premium\/","og_locale":"es_ES","og_type":"article","og_title":"Set de 3 latas premium - Mate Amos","og_description":"Set de blends de t\u00e9. Set con tres latas de 50grs de blend premium. Ideal para regalar.","og_url":"https:\/\/mateamos.eu\/es\/shop\/te\/set-de-3-latas-premium\/","og_site_name":"Mate Amos","article_modified_time":"2022-08-01T23:05:38+00:00","og_image":[{"width":1080,"height":1080,"url":"https:\/\/mateamos.eu\/wp-content\/uploads\/2022\/04\/Estuche-tres-latas-plateado.png","type":"image\/png"}],"twitter_card":"summary_large_image","schema":{"@context":"https:\/\/schema.org","@graph":[{"@type":"WebPage","@id":"https:\/\/mateamos.eu\/es\/shop\/te\/set-de-3-latas-premium\/","url":"https:\/\/mateamos.eu\/es\/shop\/te\/set-de-3-latas-premium\/","name":"Set de 3 latas premium - Mate Amos","isPartOf":{"@id":"https:\/\/mateamos.eu\/#website"},"primaryImageOfPage":{"@id":"https:\/\/mateamos.eu\/es\/shop\/te\/set-de-3-latas-premium\/#primaryimage"},"image":{"@id":"https:\/\/mateamos.eu\/es\/shop\/te\/set-de-3-latas-premium\/#primaryimage"},"thumbnailUrl":"https:\/\/mateamos.eu\/wp-content\/uploads\/2022\/04\/Estuche-tres-latas-plateado.png","datePublished":"2022-06-29T01:08:07+00:00","dateModified":"2022-08-01T23:05:38+00:00","description":"Set de blends de t\u00e9. Set con tres latas de 50grs de blend premium. Ideal para regalar.","breadcrumb":{"@id":"https:\/\/mateamos.eu\/es\/shop\/te\/set-de-3-latas-premium\/#breadcrumb"},"inLanguage":"es","potentialAction":[{"@type":"ReadAction","target":["https:\/\/mateamos.eu\/es\/shop\/te\/set-de-3-latas-premium\/"]}]},{"@type":"ImageObject","inLanguage":"es","@id":"https:\/\/mateamos.eu\/es\/shop\/te\/set-de-3-latas-premium\/#primaryimage","url":"https:\/\/mateamos.eu\/wp-content\/uploads\/2022\/04\/Estuche-tres-latas-plateado.png","contentUrl":"https:\/\/mateamos.eu\/wp-content\/uploads\/2022\/04\/Estuche-tres-latas-plateado.png","width":1080,"height":1080,"caption":"Set tres latas. Color: plateado"},{"@type":"BreadcrumbList","@id":"https:\/\/mateamos.eu\/es\/shop\/te\/set-de-3-latas-premium\/#breadcrumb","itemListElement":[{"@type":"ListItem","position":1,"name":"Portada","item":"https:\/\/mateamos.eu\/es\/home\/"},{"@type":"ListItem","position":2,"name":"Tienda","item":"https:\/\/mateamos.eu\/shop\/"},{"@type":"ListItem","position":3,"name":"Set de 3 latas premium"}]},{"@type":"WebSite","@id":"https:\/\/mateamos.eu\/#website","url":"https:\/\/mateamos.eu\/","name":"Mate Amos","description":"Yerba Mate Premium","publisher":{"@id":"https:\/\/mateamos.eu\/#organization"},"potentialAction":[{"@type":"SearchAction","target":{"@type":"EntryPoint","urlTemplate":"https:\/\/mateamos.eu\/?s={search_term_string}"},"query-input":{"@type":"PropertyValueSpecification","valueRequired":true,"valueName":"search_term_string"}}],"inLanguage":"es"},{"@type":"Organization","@id":"https:\/\/mateamos.eu\/#organization","name":"Cura T\u00e9 Alma","url":"https:\/\/mateamos.eu\/","logo":{"@type":"ImageObject","inLanguage":"es","@id":"https:\/\/mateamos.eu\/#\/schema\/logo\/image\/","url":"https:\/\/mateamos.eu\/wp-content\/uploads\/2021\/10\/mateamos.png","contentUrl":"https:\/\/mateamos.eu\/wp-content\/uploads\/2021\/10\/mateamos.png","width":512,"height":512,"caption":"Cura T\u00e9 Alma"},"image":{"@id":"https:\/\/mateamos.eu\/#\/schema\/logo\/image\/"}}]}},"_links":{"self":[{"href":"https:\/\/mateamos.eu\/es\/wp-json\/wp\/v2\/product\/1588","targetHints":{"allow":["GET"]}}],"collection":[{"href":"https:\/\/mateamos.eu\/es\/wp-json\/wp\/v2\/product"}],"about":[{"href":"https:\/\/mateamos.eu\/es\/wp-json\/wp\/v2\/types\/product"}],"replies":[{"embeddable":true,"href":"https:\/\/mateamos.eu\/es\/wp-json\/wp\/v2\/comments?post=1588"}],"wp:featuredmedia":[{"embeddable":true,"href":"https:\/\/mateamos.eu\/es\/wp-json\/wp\/v2\/media\/1586"}],"wp:attachment":[{"href":"https:\/\/mateamos.eu\/es\/wp-json\/wp\/v2\/media?parent=1588"}],"wp:term":[{"taxonomy":"product_brand","embeddable":true,"href":"https:\/\/mateamos.eu\/es\/wp-json\/wp\/v2\/product_brand?post=1588"},{"taxonomy":"product_cat","embeddable":true,"href":"https:\/\/mateamos.eu\/es\/wp-json\/wp\/v2\/product_cat?post=1588"},{"taxonomy":"product_tag","embeddable":true,"href":"https:\/\/mateamos.eu\/es\/wp-json\/wp\/v2\/product_tag?post=1588"}],"curies":[{"name":"wp","href":"https:\/\/api.w.org\/{rel}","templated":true}]}}