{"id":2468,"date":"2022-07-06T09:22:55","date_gmt":"2022-07-06T12:22:55","guid":{"rendered":"https:\/\/mateamos.eu\/delais-de-livraison-et-frais-dexpedition\/"},"modified":"2022-07-06T09:22:56","modified_gmt":"2022-07-06T12:22:56","slug":"delais-de-livraison-et-frais-dexpedition","status":"publish","type":"page","link":"https:\/\/mateamos.eu\/fr\/delais-de-livraison-et-frais-dexpedition\/","title":{"rendered":"D\u00e9lais de livraison et Frais d&rsquo;exp\u00e9dition"},"content":{"rendered":"<p>[et_pb_section fb_built=\u00a0\u00bb1&Prime; _builder_version=\u00a0\u00bb4.16&Prime; custom_padding=\u00a0\u00bb|0px||||\u00a0\u00bb global_colors_info=\u00a0\u00bb{}\u00a0\u00bb locked=\u00a0\u00bboff\u00a0\u00bb theme_builder_area=\u00a0\u00bbpost_content\u00a0\u00bb][et_pb_row _builder_version=\u00a0\u00bb4.17.4&Prime; background_size=\u00a0\u00bbinitial\u00a0\u00bb background_position=\u00a0\u00bbtop_left\u00a0\u00bb background_repeat=\u00a0\u00bbrepeat\u00a0\u00bb width=\u00a0\u00bb90%\u00a0\u00bb max_width=\u00a0\u00bb90%\u00a0\u00bb global_colors_info=\u00a0\u00bb{}\u00a0\u00bb theme_builder_area=\u00a0\u00bbpost_content\u00a0\u00bb][et_pb_column type=\u00a0\u00bb4_4&Prime; _builder_version=\u00a0\u00bb4.16&Prime; custom_padding=\u00a0\u00bb|||\u00a0\u00bb global_colors_info=\u00a0\u00bb{}\u00a0\u00bb custom_padding__hover=\u00a0\u00bb|||\u00a0\u00bb theme_builder_area=\u00a0\u00bbpost_content\u00a0\u00bb][et_pb_text _builder_version=\u00a0\u00bb4.17.4&Prime; text_font=\u00a0\u00bbMate Amos||||||||\u00a0\u00bb text_font_size=\u00a0\u00bb20px\u00a0\u00bb text_line_height=\u00a0\u00bb1.6em\u00a0\u00bb header_font=\u00a0\u00bbMate Amos|700||on|||||\u00a0\u00bb header_text_align=\u00a0\u00bbcenter\u00a0\u00bb header_font_size=\u00a0\u00bb33px\u00a0\u00bb header_line_height=\u00a0\u00bb1.7em\u00a0\u00bb header_3_font=\u00a0\u00bbMate Amos|700||on|||||\u00a0\u00bb header_3_line_height=\u00a0\u00bb2em\u00a0\u00bb header_4_font=\u00a0\u00bbMate Amos||||||||\u00a0\u00bb header_4_font_size=\u00a0\u00bb19px\u00a0\u00bb header_4_line_height=\u00a0\u00bb1.2em\u00a0\u00bb background_size=\u00a0\u00bbinitial\u00a0\u00bb background_position=\u00a0\u00bbtop_left\u00a0\u00bb background_repeat=\u00a0\u00bbrepeat\u00a0\u00bb hover_enabled=\u00a0\u00bb0&Prime; global_colors_info=\u00a0\u00bb{}\u00a0\u00bb theme_builder_area=\u00a0\u00bbpost_content\u00a0\u00bb sticky_enabled=\u00a0\u00bb0&Prime;]<\/p>\n<h1><span style=\"text-decoration: underline;\">D\u00c9LAIS DE LIVRAISON ET FRAIS D&rsquo;EXP\u00c9DITION<br \/>\n<\/span><\/h1>\n<p><span style=\"font-weight: 400;\">Une fois que vous avez pass\u00e9 votre commande, nous la traitons et la remettons au transporteur. Une signature peut \u00eatre exig\u00e9e \u00e0 la livraison. Si vous n&rsquo;\u00eates pas chez vous lorsque le transporteur livre votre colis, il laissera une note expliquant o\u00f9 et comment vous pouvez r\u00e9cup\u00e9rer votre commande de Mate Amos. Veuillez noter que nous ne pouvons pas modifier l&rsquo;adresse de livraison une fois que la commande a \u00e9t\u00e9 trait\u00e9e. Dans le cas o\u00f9 vous n&rsquo;auriez pas retir\u00e9 votre commande, celle-ci sera renvoy\u00e9e et trait\u00e9e comme un retour. Nous ne pouvons pas r\u00e9exp\u00e9dier votre commande, dans ce cas vous devrez repasser la commande.<\/span><\/p>\n<p><span style=\"font-weight: 400;\"><strong>Destination de l&rsquo;envoi:<\/strong> Pays-Bas<br \/>\n<\/span><span style=\"font-weight: 400;\">Livraison dans un d\u00e9lai de 1 \u00e0 3 jours ouvrables.<\/span><\/p>\n<p><span style=\"font-weight: 400;\"><strong>Destination de livraison:<\/strong> Europe<br \/>\n<\/span><span style=\"font-weight: 400;\">Livraison dans les 2 \u00e0 5 jours ouvrables.<\/span><\/p>\n<p><span style=\"font-weight: 400;\"><strong>Destination de livraison:<\/strong> Royaume-Uni<br \/>\n<\/span>Livraison dans les 4 \u00e0 7 jours ouvrables.<\/p>\n<p><span style=\"font-weight: 400;\"><strong>Destination de livraison:<\/strong> Europe Reste du monde<br \/>\n<\/span><span style=\"font-weight: 400;\">Livraison sous 1 \u00e0 2 semaines.<\/span><\/p>\n<p><span style=\"font-weight: 400;\">Veuillez noter que les d\u00e9lais de livraison indiqu\u00e9s sont des estimations et peuvent varier de la r\u00e9alit\u00e9.<\/span><\/p>\n<p><span style=\"font-weight: 400;\">Nous ferons tout notre possible pour livrer votre commande dans les meilleurs d\u00e9lais. Les commandes pass\u00e9es les jours ouvrables avant 21h30, nous essayons de les exp\u00e9dier le jour m\u00eame. Malheureusement, nous n&rsquo;y parvenons pas toujours, il arrive que des produits ne soient pas en stock et la livraison de votre commande peut alors prendre un peu plus de temps. La page produit indique si un produit est en stock. Si, pour quelque raison que ce soit, nous ne pouvons pas respecter ce d\u00e9lai de livraison, nous vous en informerons bien s\u00fbr d\u00e8s que possible.<\/span><\/p>\n<p><span style=\"font-weight: 400;\">Les frais d&rsquo;exp\u00e9dition d\u00e9pendent de la taille du produit command\u00e9 et du pays vers lequel l&rsquo;envoi doit \u00eatre effectu\u00e9. Vous trouverez ci-dessous un aper\u00e7u des frais d&rsquo;exp\u00e9dition:<\/span><\/p>\n<p><span style=\"font-weight: 400;\">Livraison gratuite pour tout achat \u00e0 partir de 60 \u20ac aux Pays-Bas. Pour les achats \u00e0 partir de 100 \u20ac avec envoi en Europe (hors Pays-Bas), il n&rsquo;y a pas de frais de port. La livraison se fera par DHL (Pays-Bas) et DPB (hors Pays-Bas).<\/span><\/p>\n<p><span style=\"font-weight: 400;\">Vous trouverez ci-dessous un aper\u00e7u des co\u00fbts par type d&rsquo;envoi et par destination:<\/span><\/p>\n<p><span style=\"font-weight: 400;\"><strong>Pays-Bas:<\/strong> \u20ac 4,95 (DHL)<\/span><\/p>\n<p><span style=\"font-weight: 400;\"><strong>Belgique, Luxembourg et Allemagne:<\/strong> \u20ac 7,25 (DPD)<\/span><\/p>\n<p><span style=\"font-weight: 400;\"><strong>France et Royaume-Uni:<\/strong> \u20ac 12.95 (DPD)<\/span><\/p>\n<p><span style=\"font-weight: 400;\"><strong>Espagne:<\/strong> \u20ac 18.75 (DPD)<\/span><\/p>\n<p><span style=\"font-weight: 400;\">Pour les envois aux Pays-Bas, la livraison a g\u00e9n\u00e9ralement lieu le jour ouvrable suivant, entre 9h00 et 18h00. Nous ne pouvons malheureusement pas garantir le d\u00e9lai de livraison. Tous les envois peuvent \u00eatre suivis gr\u00e2ce \u00e0 un syst\u00e8me de suivi et de localisation. Ce lien permet de suivre la livraison et le transporteur concern\u00e9 donne une indication de la date \u00e0 laquelle la livraison peut \u00eatre attendue. Vous recevrez les d\u00e9tails du suivi et de la localisation lorsque le colis sera pr\u00eat \u00e0 \u00eatre envoy\u00e9. Il peut parfois s&rsquo;\u00e9couler un certain temps avant que le lien ne devienne actif. Il s&rsquo;agit de l&rsquo;\u00e9mission et de l&rsquo;activation de la liaison par l&rsquo;op\u00e9rateur choisi.<\/span><\/p>\n<p><span style=\"font-weight: 400;\">Les frais de port pour les commandes pass\u00e9es en dehors de l&rsquo;UE sont calcul\u00e9s par commande et d\u00e9pendent de l&rsquo;adresse de livraison ainsi que du poids et du volume de la commande.<\/span><\/p>\n<p><!-- \/divi:paragraph -->[\/et_pb_text][\/et_pb_column][\/et_pb_row][\/et_pb_section]<\/p>\n","protected":false},"excerpt":{"rendered":"<p>D\u00c9LAIS DE LIVRAISON ET FRAIS D&rsquo;EXP\u00c9DITION Une fois que vous avez pass\u00e9 votre commande, nous la traitons et la remettons au transporteur. Une signature peut \u00eatre exig\u00e9e \u00e0 la livraison. Si vous n&rsquo;\u00eates pas chez vous lorsque le transporteur livre votre colis, il laissera une note expliquant o\u00f9 et comment vous pouvez r\u00e9cup\u00e9rer votre commande [&hellip;]<\/p>\n","protected":false},"author":1,"featured_media":0,"parent":0,"menu_order":0,"comment_status":"closed","ping_status":"closed","template":"","meta":{"_acf_changed":false,"_et_pb_use_builder":"on","_et_pb_old_content":"","_et_gb_content_width":"","_joinchat":[],"footnotes":""},"class_list":["post-2468","page","type-page","status-publish","hentry"],"acf":[],"yoast_head":"<!-- This site is optimized with the Yoast SEO plugin v27.4 - https:\/\/yoast.com\/product\/yoast-seo-wordpress\/ -->\n<title>D\u00e9lais de livraison et Frais d&#039;exp\u00e9dition - Mate Amos<\/title>\n<meta name=\"robots\" content=\"index, follow, max-snippet:-1, max-image-preview:large, max-video-preview:-1\" \/>\n<link rel=\"canonical\" href=\"https:\/\/mateamos.eu\/delivery-time-shipping-costs\/\" \/>\n<meta property=\"og:locale\" content=\"fr_FR\" \/>\n<meta property=\"og:type\" content=\"article\" \/>\n<meta property=\"og:title\" content=\"D\u00e9lais de livraison et Frais d&#039;exp\u00e9dition - Mate Amos\" \/>\n<meta property=\"og:description\" content=\"D\u00c9LAIS DE LIVRAISON ET FRAIS D&#039;EXP\u00c9DITION Une fois que vous avez pass\u00e9 votre commande, nous la traitons et la remettons au transporteur. Une signature peut \u00eatre exig\u00e9e \u00e0 la livraison. Si vous n&#039;\u00eates pas chez vous lorsque le transporteur livre votre colis, il laissera une note expliquant o\u00f9 et comment vous pouvez r\u00e9cup\u00e9rer votre commande [&hellip;]\" \/>\n<meta property=\"og:url\" content=\"https:\/\/mateamos.eu\/delivery-time-shipping-costs\/\" \/>\n<meta property=\"og:site_name\" content=\"Mate Amos\" \/>\n<meta property=\"article:modified_time\" content=\"2022-07-06T12:22:56+00:00\" \/>\n<meta name=\"twitter:card\" content=\"summary_large_image\" \/>\n<meta name=\"twitter:label1\" content=\"Dur\u00e9e de lecture estim\u00e9e\" \/>\n\t<meta name=\"twitter:data1\" content=\"4 minutes\" \/>\n<script type=\"application\/ld+json\" class=\"yoast-schema-graph\">{\"@context\":\"https:\\\/\\\/schema.org\",\"@graph\":[{\"@type\":\"WebPage\",\"@id\":\"https:\\\/\\\/mateamos.eu\\\/delivery-time-shipping-costs\\\/\",\"url\":\"https:\\\/\\\/mateamos.eu\\\/delivery-time-shipping-costs\\\/\",\"name\":\"D\u00e9lais de livraison et Frais d'exp\u00e9dition - Mate Amos\",\"isPartOf\":{\"@id\":\"https:\\\/\\\/mateamos.eu\\\/#website\"},\"datePublished\":\"2022-07-06T12:22:55+00:00\",\"dateModified\":\"2022-07-06T12:22:56+00:00\",\"breadcrumb\":{\"@id\":\"https:\\\/\\\/mateamos.eu\\\/delivery-time-shipping-costs\\\/#breadcrumb\"},\"inLanguage\":\"fr-FR\",\"potentialAction\":[{\"@type\":\"ReadAction\",\"target\":[\"https:\\\/\\\/mateamos.eu\\\/delivery-time-shipping-costs\\\/\"]}]},{\"@type\":\"BreadcrumbList\",\"@id\":\"https:\\\/\\\/mateamos.eu\\\/delivery-time-shipping-costs\\\/#breadcrumb\",\"itemListElement\":[{\"@type\":\"ListItem\",\"position\":1,\"name\":\"Portada\",\"item\":\"https:\\\/\\\/mateamos.eu\\\/fr\\\/home\\\/\"},{\"@type\":\"ListItem\",\"position\":2,\"name\":\"D\u00e9lais de livraison et Frais d&#8217;exp\u00e9dition\"}]},{\"@type\":\"WebSite\",\"@id\":\"https:\\\/\\\/mateamos.eu\\\/#website\",\"url\":\"https:\\\/\\\/mateamos.eu\\\/\",\"name\":\"Mate Amos\",\"description\":\"Yerba Mate Premium\",\"publisher\":{\"@id\":\"https:\\\/\\\/mateamos.eu\\\/#organization\"},\"potentialAction\":[{\"@type\":\"SearchAction\",\"target\":{\"@type\":\"EntryPoint\",\"urlTemplate\":\"https:\\\/\\\/mateamos.eu\\\/?s={search_term_string}\"},\"query-input\":{\"@type\":\"PropertyValueSpecification\",\"valueRequired\":true,\"valueName\":\"search_term_string\"}}],\"inLanguage\":\"fr-FR\"},{\"@type\":\"Organization\",\"@id\":\"https:\\\/\\\/mateamos.eu\\\/#organization\",\"name\":\"Cura T\u00e9 Alma\",\"url\":\"https:\\\/\\\/mateamos.eu\\\/\",\"logo\":{\"@type\":\"ImageObject\",\"inLanguage\":\"fr-FR\",\"@id\":\"https:\\\/\\\/mateamos.eu\\\/#\\\/schema\\\/logo\\\/image\\\/\",\"url\":\"https:\\\/\\\/mateamos.eu\\\/wp-content\\\/uploads\\\/2021\\\/10\\\/mateamos.png\",\"contentUrl\":\"https:\\\/\\\/mateamos.eu\\\/wp-content\\\/uploads\\\/2021\\\/10\\\/mateamos.png\",\"width\":512,\"height\":512,\"caption\":\"Cura T\u00e9 Alma\"},\"image\":{\"@id\":\"https:\\\/\\\/mateamos.eu\\\/#\\\/schema\\\/logo\\\/image\\\/\"}}]}<\/script>\n<!-- \/ Yoast SEO plugin. -->","yoast_head_json":{"title":"D\u00e9lais de livraison et Frais d'exp\u00e9dition - Mate Amos","robots":{"index":"index","follow":"follow","max-snippet":"max-snippet:-1","max-image-preview":"max-image-preview:large","max-video-preview":"max-video-preview:-1"},"canonical":"https:\/\/mateamos.eu\/delivery-time-shipping-costs\/","og_locale":"fr_FR","og_type":"article","og_title":"D\u00e9lais de livraison et Frais d'exp\u00e9dition - Mate Amos","og_description":"D\u00c9LAIS DE LIVRAISON ET FRAIS D'EXP\u00c9DITION Une fois que vous avez pass\u00e9 votre commande, nous la traitons et la remettons au transporteur. Une signature peut \u00eatre exig\u00e9e \u00e0 la livraison. Si vous n'\u00eates pas chez vous lorsque le transporteur livre votre colis, il laissera une note expliquant o\u00f9 et comment vous pouvez r\u00e9cup\u00e9rer votre commande [&hellip;]","og_url":"https:\/\/mateamos.eu\/delivery-time-shipping-costs\/","og_site_name":"Mate Amos","article_modified_time":"2022-07-06T12:22:56+00:00","twitter_card":"summary_large_image","twitter_misc":{"Dur\u00e9e de lecture estim\u00e9e":"4 minutes"},"schema":{"@context":"https:\/\/schema.org","@graph":[{"@type":"WebPage","@id":"https:\/\/mateamos.eu\/delivery-time-shipping-costs\/","url":"https:\/\/mateamos.eu\/delivery-time-shipping-costs\/","name":"D\u00e9lais de livraison et Frais d'exp\u00e9dition - Mate Amos","isPartOf":{"@id":"https:\/\/mateamos.eu\/#website"},"datePublished":"2022-07-06T12:22:55+00:00","dateModified":"2022-07-06T12:22:56+00:00","breadcrumb":{"@id":"https:\/\/mateamos.eu\/delivery-time-shipping-costs\/#breadcrumb"},"inLanguage":"fr-FR","potentialAction":[{"@type":"ReadAction","target":["https:\/\/mateamos.eu\/delivery-time-shipping-costs\/"]}]},{"@type":"BreadcrumbList","@id":"https:\/\/mateamos.eu\/delivery-time-shipping-costs\/#breadcrumb","itemListElement":[{"@type":"ListItem","position":1,"name":"Portada","item":"https:\/\/mateamos.eu\/fr\/home\/"},{"@type":"ListItem","position":2,"name":"D\u00e9lais de livraison et Frais d&#8217;exp\u00e9dition"}]},{"@type":"WebSite","@id":"https:\/\/mateamos.eu\/#website","url":"https:\/\/mateamos.eu\/","name":"Mate Amos","description":"Yerba Mate Premium","publisher":{"@id":"https:\/\/mateamos.eu\/#organization"},"potentialAction":[{"@type":"SearchAction","target":{"@type":"EntryPoint","urlTemplate":"https:\/\/mateamos.eu\/?s={search_term_string}"},"query-input":{"@type":"PropertyValueSpecification","valueRequired":true,"valueName":"search_term_string"}}],"inLanguage":"fr-FR"},{"@type":"Organization","@id":"https:\/\/mateamos.eu\/#organization","name":"Cura T\u00e9 Alma","url":"https:\/\/mateamos.eu\/","logo":{"@type":"ImageObject","inLanguage":"fr-FR","@id":"https:\/\/mateamos.eu\/#\/schema\/logo\/image\/","url":"https:\/\/mateamos.eu\/wp-content\/uploads\/2021\/10\/mateamos.png","contentUrl":"https:\/\/mateamos.eu\/wp-content\/uploads\/2021\/10\/mateamos.png","width":512,"height":512,"caption":"Cura T\u00e9 Alma"},"image":{"@id":"https:\/\/mateamos.eu\/#\/schema\/logo\/image\/"}}]}},"_links":{"self":[{"href":"https:\/\/mateamos.eu\/fr\/wp-json\/wp\/v2\/pages\/2468","targetHints":{"allow":["GET"]}}],"collection":[{"href":"https:\/\/mateamos.eu\/fr\/wp-json\/wp\/v2\/pages"}],"about":[{"href":"https:\/\/mateamos.eu\/fr\/wp-json\/wp\/v2\/types\/page"}],"author":[{"embeddable":true,"href":"https:\/\/mateamos.eu\/fr\/wp-json\/wp\/v2\/users\/1"}],"replies":[{"embeddable":true,"href":"https:\/\/mateamos.eu\/fr\/wp-json\/wp\/v2\/comments?post=2468"}],"version-history":[{"count":2,"href":"https:\/\/mateamos.eu\/fr\/wp-json\/wp\/v2\/pages\/2468\/revisions"}],"predecessor-version":[{"id":2470,"href":"https:\/\/mateamos.eu\/fr\/wp-json\/wp\/v2\/pages\/2468\/revisions\/2470"}],"wp:attachment":[{"href":"https:\/\/mateamos.eu\/fr\/wp-json\/wp\/v2\/media?parent=2468"}],"curies":[{"name":"wp","href":"https:\/\/api.w.org\/{rel}","templated":true}]}}