{"id":1606,"date":"2022-04-20T12:53:25","date_gmt":"2022-06-29T01:02:28","guid":{"rendered":"https:\/\/mateamos.eu\/?post_type=product&#038;p=1606"},"modified":"2022-08-01T19:34:23","modified_gmt":"2022-08-01T22:34:23","slug":"english-classic","status":"publish","type":"product","link":"https:\/\/mateamos.eu\/fr\/shop\/the\/english-classic\/","title":{"rendered":"English Break &#8211; Sachets de th\u00e9"},"content":{"rendered":"<p>L&rsquo;\u00e9nergie. Th\u00e9 noir. M\u00e9lange anglais classique. M\u00e9lange robuste d&rsquo;Assam et de Darjeeling. \u00c0 d\u00e9guster \u00e0 tout moment de la journ\u00e9e.<\/p>\n<p>Bo\u00eete \u00e0 ouverture frontale avec 15 sachets de th\u00e9 suremball\u00e9s.<\/p>\n","protected":false},"excerpt":{"rendered":"<p>Sachets de th\u00e9 m\u00e9lange Assam et Darjeeling.<\/p>\n","protected":false},"featured_media":2568,"comment_status":"open","ping_status":"closed","template":"","meta":{"_acf_changed":false,"_et_pb_use_builder":"","_et_pb_old_content":"","_et_gb_content_width":"","_joinchat":[]},"product_brand":[],"product_cat":[55],"product_tag":[],"class_list":{"0":"post-1606","1":"product","2":"type-product","3":"status-publish","4":"has-post-thumbnail","6":"product_cat-the","8":"first","9":"outofstock","10":"taxable","11":"shipping-taxable","12":"purchasable","13":"product-type-simple"},"acf":{"codigoDeBarras":""},"yoast_head":"<!-- This site is optimized with the Yoast SEO plugin v27.4 - https:\/\/yoast.com\/product\/yoast-seo-wordpress\/ -->\n<title>English Break - Sachets de th\u00e9 - Mate Amos<\/title>\n<meta name=\"description\" content=\"M\u00e9lange anglais classique. M\u00e9lange robuste d&#039;Assam et de Darjeeling. Bo\u00eete \u00e0 ouverture frontale avec 15 sachets de th\u00e9.\" \/>\n<meta name=\"robots\" content=\"index, follow, max-snippet:-1, max-image-preview:large, max-video-preview:-1\" \/>\n<link rel=\"canonical\" href=\"https:\/\/mateamos.eu\/fr\/shop\/the\/english-classic\/\" \/>\n<meta property=\"og:locale\" content=\"fr_FR\" \/>\n<meta property=\"og:type\" content=\"article\" \/>\n<meta property=\"og:title\" content=\"English Break - Sachets de th\u00e9 - Mate Amos\" \/>\n<meta property=\"og:description\" content=\"M\u00e9lange anglais classique. M\u00e9lange robuste d&#039;Assam et de Darjeeling. Bo\u00eete \u00e0 ouverture frontale avec 15 sachets de th\u00e9.\" \/>\n<meta property=\"og:url\" content=\"https:\/\/mateamos.eu\/fr\/shop\/the\/english-classic\/\" \/>\n<meta property=\"og:site_name\" content=\"Mate Amos\" \/>\n<meta property=\"article:modified_time\" content=\"2022-08-01T22:34:23+00:00\" \/>\n<meta property=\"og:image\" content=\"https:\/\/mateamos.eu\/wp-content\/uploads\/2022\/07\/CuraTeAlma5_19_0005-fondo-gris.jpg\" \/>\n\t<meta property=\"og:image:width\" content=\"1080\" \/>\n\t<meta property=\"og:image:height\" content=\"720\" \/>\n\t<meta property=\"og:image:type\" content=\"image\/jpeg\" \/>\n<meta name=\"twitter:card\" content=\"summary_large_image\" \/>\n<script type=\"application\/ld+json\" class=\"yoast-schema-graph\">{\"@context\":\"https:\\\/\\\/schema.org\",\"@graph\":[{\"@type\":\"WebPage\",\"@id\":\"https:\\\/\\\/mateamos.eu\\\/fr\\\/shop\\\/the\\\/english-classic\\\/\",\"url\":\"https:\\\/\\\/mateamos.eu\\\/fr\\\/shop\\\/the\\\/english-classic\\\/\",\"name\":\"English Break - Sachets de th\u00e9 - Mate Amos\",\"isPartOf\":{\"@id\":\"https:\\\/\\\/mateamos.eu\\\/#website\"},\"primaryImageOfPage\":{\"@id\":\"https:\\\/\\\/mateamos.eu\\\/fr\\\/shop\\\/the\\\/english-classic\\\/#primaryimage\"},\"image\":{\"@id\":\"https:\\\/\\\/mateamos.eu\\\/fr\\\/shop\\\/the\\\/english-classic\\\/#primaryimage\"},\"thumbnailUrl\":\"https:\\\/\\\/mateamos.eu\\\/wp-content\\\/uploads\\\/2022\\\/07\\\/CuraTeAlma5_19_0005-fondo-gris.jpg\",\"datePublished\":\"2022-06-29T01:02:28+00:00\",\"dateModified\":\"2022-08-01T22:34:23+00:00\",\"description\":\"M\u00e9lange anglais classique. M\u00e9lange robuste d'Assam et de Darjeeling. Bo\u00eete \u00e0 ouverture frontale avec 15 sachets de th\u00e9.\",\"breadcrumb\":{\"@id\":\"https:\\\/\\\/mateamos.eu\\\/fr\\\/shop\\\/the\\\/english-classic\\\/#breadcrumb\"},\"inLanguage\":\"fr-FR\",\"potentialAction\":[{\"@type\":\"ReadAction\",\"target\":[\"https:\\\/\\\/mateamos.eu\\\/fr\\\/shop\\\/the\\\/english-classic\\\/\"]}]},{\"@type\":\"ImageObject\",\"inLanguage\":\"fr-FR\",\"@id\":\"https:\\\/\\\/mateamos.eu\\\/fr\\\/shop\\\/the\\\/english-classic\\\/#primaryimage\",\"url\":\"https:\\\/\\\/mateamos.eu\\\/wp-content\\\/uploads\\\/2022\\\/07\\\/CuraTeAlma5_19_0005-fondo-gris.jpg\",\"contentUrl\":\"https:\\\/\\\/mateamos.eu\\\/wp-content\\\/uploads\\\/2022\\\/07\\\/CuraTeAlma5_19_0005-fondo-gris.jpg\",\"width\":1080,\"height\":720},{\"@type\":\"BreadcrumbList\",\"@id\":\"https:\\\/\\\/mateamos.eu\\\/fr\\\/shop\\\/the\\\/english-classic\\\/#breadcrumb\",\"itemListElement\":[{\"@type\":\"ListItem\",\"position\":1,\"name\":\"Portada\",\"item\":\"https:\\\/\\\/mateamos.eu\\\/fr\\\/home\\\/\"},{\"@type\":\"ListItem\",\"position\":2,\"name\":\"Boutique\",\"item\":\"https:\\\/\\\/mateamos.eu\\\/shop\\\/\"},{\"@type\":\"ListItem\",\"position\":3,\"name\":\"English Break &#8211; Sachets de th\u00e9\"}]},{\"@type\":\"WebSite\",\"@id\":\"https:\\\/\\\/mateamos.eu\\\/#website\",\"url\":\"https:\\\/\\\/mateamos.eu\\\/\",\"name\":\"Mate Amos\",\"description\":\"Yerba Mate Premium\",\"publisher\":{\"@id\":\"https:\\\/\\\/mateamos.eu\\\/#organization\"},\"potentialAction\":[{\"@type\":\"SearchAction\",\"target\":{\"@type\":\"EntryPoint\",\"urlTemplate\":\"https:\\\/\\\/mateamos.eu\\\/?s={search_term_string}\"},\"query-input\":{\"@type\":\"PropertyValueSpecification\",\"valueRequired\":true,\"valueName\":\"search_term_string\"}}],\"inLanguage\":\"fr-FR\"},{\"@type\":\"Organization\",\"@id\":\"https:\\\/\\\/mateamos.eu\\\/#organization\",\"name\":\"Cura T\u00e9 Alma\",\"url\":\"https:\\\/\\\/mateamos.eu\\\/\",\"logo\":{\"@type\":\"ImageObject\",\"inLanguage\":\"fr-FR\",\"@id\":\"https:\\\/\\\/mateamos.eu\\\/#\\\/schema\\\/logo\\\/image\\\/\",\"url\":\"https:\\\/\\\/mateamos.eu\\\/wp-content\\\/uploads\\\/2021\\\/10\\\/mateamos.png\",\"contentUrl\":\"https:\\\/\\\/mateamos.eu\\\/wp-content\\\/uploads\\\/2021\\\/10\\\/mateamos.png\",\"width\":512,\"height\":512,\"caption\":\"Cura T\u00e9 Alma\"},\"image\":{\"@id\":\"https:\\\/\\\/mateamos.eu\\\/#\\\/schema\\\/logo\\\/image\\\/\"}}]}<\/script>\n<!-- \/ Yoast SEO plugin. -->","yoast_head_json":{"title":"English Break - Sachets de th\u00e9 - Mate Amos","description":"M\u00e9lange anglais classique. M\u00e9lange robuste d'Assam et de Darjeeling. Bo\u00eete \u00e0 ouverture frontale avec 15 sachets de th\u00e9.","robots":{"index":"index","follow":"follow","max-snippet":"max-snippet:-1","max-image-preview":"max-image-preview:large","max-video-preview":"max-video-preview:-1"},"canonical":"https:\/\/mateamos.eu\/fr\/shop\/the\/english-classic\/","og_locale":"fr_FR","og_type":"article","og_title":"English Break - Sachets de th\u00e9 - Mate Amos","og_description":"M\u00e9lange anglais classique. M\u00e9lange robuste d'Assam et de Darjeeling. Bo\u00eete \u00e0 ouverture frontale avec 15 sachets de th\u00e9.","og_url":"https:\/\/mateamos.eu\/fr\/shop\/the\/english-classic\/","og_site_name":"Mate Amos","article_modified_time":"2022-08-01T22:34:23+00:00","og_image":[{"width":1080,"height":720,"url":"https:\/\/mateamos.eu\/wp-content\/uploads\/2022\/07\/CuraTeAlma5_19_0005-fondo-gris.jpg","type":"image\/jpeg"}],"twitter_card":"summary_large_image","schema":{"@context":"https:\/\/schema.org","@graph":[{"@type":"WebPage","@id":"https:\/\/mateamos.eu\/fr\/shop\/the\/english-classic\/","url":"https:\/\/mateamos.eu\/fr\/shop\/the\/english-classic\/","name":"English Break - Sachets de th\u00e9 - Mate Amos","isPartOf":{"@id":"https:\/\/mateamos.eu\/#website"},"primaryImageOfPage":{"@id":"https:\/\/mateamos.eu\/fr\/shop\/the\/english-classic\/#primaryimage"},"image":{"@id":"https:\/\/mateamos.eu\/fr\/shop\/the\/english-classic\/#primaryimage"},"thumbnailUrl":"https:\/\/mateamos.eu\/wp-content\/uploads\/2022\/07\/CuraTeAlma5_19_0005-fondo-gris.jpg","datePublished":"2022-06-29T01:02:28+00:00","dateModified":"2022-08-01T22:34:23+00:00","description":"M\u00e9lange anglais classique. M\u00e9lange robuste d'Assam et de Darjeeling. Bo\u00eete \u00e0 ouverture frontale avec 15 sachets de th\u00e9.","breadcrumb":{"@id":"https:\/\/mateamos.eu\/fr\/shop\/the\/english-classic\/#breadcrumb"},"inLanguage":"fr-FR","potentialAction":[{"@type":"ReadAction","target":["https:\/\/mateamos.eu\/fr\/shop\/the\/english-classic\/"]}]},{"@type":"ImageObject","inLanguage":"fr-FR","@id":"https:\/\/mateamos.eu\/fr\/shop\/the\/english-classic\/#primaryimage","url":"https:\/\/mateamos.eu\/wp-content\/uploads\/2022\/07\/CuraTeAlma5_19_0005-fondo-gris.jpg","contentUrl":"https:\/\/mateamos.eu\/wp-content\/uploads\/2022\/07\/CuraTeAlma5_19_0005-fondo-gris.jpg","width":1080,"height":720},{"@type":"BreadcrumbList","@id":"https:\/\/mateamos.eu\/fr\/shop\/the\/english-classic\/#breadcrumb","itemListElement":[{"@type":"ListItem","position":1,"name":"Portada","item":"https:\/\/mateamos.eu\/fr\/home\/"},{"@type":"ListItem","position":2,"name":"Boutique","item":"https:\/\/mateamos.eu\/shop\/"},{"@type":"ListItem","position":3,"name":"English Break &#8211; Sachets de th\u00e9"}]},{"@type":"WebSite","@id":"https:\/\/mateamos.eu\/#website","url":"https:\/\/mateamos.eu\/","name":"Mate Amos","description":"Yerba Mate Premium","publisher":{"@id":"https:\/\/mateamos.eu\/#organization"},"potentialAction":[{"@type":"SearchAction","target":{"@type":"EntryPoint","urlTemplate":"https:\/\/mateamos.eu\/?s={search_term_string}"},"query-input":{"@type":"PropertyValueSpecification","valueRequired":true,"valueName":"search_term_string"}}],"inLanguage":"fr-FR"},{"@type":"Organization","@id":"https:\/\/mateamos.eu\/#organization","name":"Cura T\u00e9 Alma","url":"https:\/\/mateamos.eu\/","logo":{"@type":"ImageObject","inLanguage":"fr-FR","@id":"https:\/\/mateamos.eu\/#\/schema\/logo\/image\/","url":"https:\/\/mateamos.eu\/wp-content\/uploads\/2021\/10\/mateamos.png","contentUrl":"https:\/\/mateamos.eu\/wp-content\/uploads\/2021\/10\/mateamos.png","width":512,"height":512,"caption":"Cura T\u00e9 Alma"},"image":{"@id":"https:\/\/mateamos.eu\/#\/schema\/logo\/image\/"}}]}},"_links":{"self":[{"href":"https:\/\/mateamos.eu\/fr\/wp-json\/wp\/v2\/product\/1606","targetHints":{"allow":["GET"]}}],"collection":[{"href":"https:\/\/mateamos.eu\/fr\/wp-json\/wp\/v2\/product"}],"about":[{"href":"https:\/\/mateamos.eu\/fr\/wp-json\/wp\/v2\/types\/product"}],"replies":[{"embeddable":true,"href":"https:\/\/mateamos.eu\/fr\/wp-json\/wp\/v2\/comments?post=1606"}],"wp:featuredmedia":[{"embeddable":true,"href":"https:\/\/mateamos.eu\/fr\/wp-json\/wp\/v2\/media\/2568"}],"wp:attachment":[{"href":"https:\/\/mateamos.eu\/fr\/wp-json\/wp\/v2\/media?parent=1606"}],"wp:term":[{"taxonomy":"product_brand","embeddable":true,"href":"https:\/\/mateamos.eu\/fr\/wp-json\/wp\/v2\/product_brand?post=1606"},{"taxonomy":"product_cat","embeddable":true,"href":"https:\/\/mateamos.eu\/fr\/wp-json\/wp\/v2\/product_cat?post=1606"},{"taxonomy":"product_tag","embeddable":true,"href":"https:\/\/mateamos.eu\/fr\/wp-json\/wp\/v2\/product_tag?post=1606"}],"curies":[{"name":"wp","href":"https:\/\/api.w.org\/{rel}","templated":true}]}}