{"id":1607,"date":"2022-05-04T11:56:40","date_gmt":"2022-06-28T22:37:08","guid":{"rendered":"https:\/\/mateamos.eu\/?post_type=product&#038;p=1607"},"modified":"2022-08-01T19:59:16","modified_gmt":"2022-08-01T22:59:16","slug":"selection-melanges","status":"publish","type":"product","link":"https:\/\/mateamos.eu\/fr\/shop\/the\/selection-melanges\/","title":{"rendered":"Set de D\u00e9gustation 6 Saveurs"},"content":{"rendered":"<p><span style=\"font-family: Arial;\">Comprend 6 minipacks de 20grs de :<\/span><\/p>\n<ul>\n<li><span style=\"font-family: Arial;\">Calma T\u00e9 (Serenity) : digestif et relaxant. Avec du th\u00e9 vert, de la lavande, de la camomille, de la m\u00e9lisse, de la verveine citronn\u00e9e, du tilleul, de la menthe, de la calendula et des p\u00e9tales de rose.\u00a0<\/span><\/li>\n<li><span style=\"font-family: Arial;\">Fruta de la Pasi\u00f3n (Enchantement) : m\u00e9lange tropical et fruit\u00e9. th\u00e9 vert, f<\/span><span style=\"font-family: Arial;\">ruit de la passion, mangue, ananas, p\u00eache, ananas, banane, gousse de va<\/span><span style=\"font-family: Arial;\">nille, calendula et p\u00e9tales de rose.<\/span><\/li>\n<li><span style=\"font-family: Arial;\">M\u00e1xima (Noblesse) : \u00e9l\u00e9gant et fort. Th\u00e9 rouge \u00e0 l&rsquo;orange, au gingembre, au geni\u00e8vre, \u00e0 la fleur de jasmin et aux p\u00e9tales de rose.<\/span><\/li>\n<li><span style=\"font-family: Arial;\">Encuentro de Almas (Inspiration) : m\u00e9lange doux et mystique. Avec du th\u00e9 rouge, de la figue, de la fraise, des morceaux de pomme et de l&rsquo;hibiscus.<\/span><\/li>\n<li><span style=\"font-family: Arial;\">Earl Grey Touch\u00e9 (Pers\u00e9v\u00e9rance) : un classique qui a du caract\u00e8re.\u00a0\u00a0Avec du th\u00e9 noir, de l&rsquo;huile essentielle de bergamote et des p\u00e9tales de rose.<\/span><\/li>\n<li><span style=\"font-family: Arial;\">Hot Chocolate (Plaisir) : \u00e0 savourer \u00e0 chaque fois. Avec du th\u00e9 noir, du chocolat et des amandes grill\u00e9es.<\/span><\/li>\n<\/ul>\n","protected":false},"excerpt":{"rendered":"<p>S\u00e9lection de six vari\u00e9t\u00e9s de m\u00e9langes, deux \u00e0 base de th\u00e9 noir, deux \u00e0 base de th\u00e9 rouge et deux \u00e0 base de th\u00e9 vert.<\/p>\n","protected":false},"featured_media":1574,"comment_status":"open","ping_status":"closed","template":"","meta":{"_acf_changed":false,"_et_pb_use_builder":"","_et_pb_old_content":"","_et_gb_content_width":"","_joinchat":[]},"product_brand":[],"product_cat":[56,55],"product_tag":[],"class_list":{"0":"post-1607","1":"product","2":"type-product","3":"status-publish","4":"has-post-thumbnail","6":"product_cat-ensemble","7":"product_cat-the","9":"first","10":"outofstock","11":"sale","12":"taxable","13":"shipping-taxable","14":"purchasable","15":"product-type-simple"},"acf":{"codigoDeBarras":""},"yoast_head":"<!-- This site is optimized with the Yoast SEO plugin v27.5 - https:\/\/yoast.com\/product\/yoast-seo-wordpress\/ -->\n<title>Set de D\u00e9gustation 6 Saveurs - Mate Amos<\/title>\n<meta name=\"description\" content=\"S\u00e9lection de six vari\u00e9t\u00e9s de m\u00e9langes, deux \u00e0 base de th\u00e9 noir, deux \u00e0 base de th\u00e9 rouge et deux \u00e0 base de th\u00e9 vert.\" \/>\n<meta name=\"robots\" content=\"index, follow, max-snippet:-1, max-image-preview:large, max-video-preview:-1\" \/>\n<link rel=\"canonical\" href=\"https:\/\/mateamos.eu\/fr\/shop\/the\/selection-melanges\/\" \/>\n<meta property=\"og:locale\" content=\"fr_FR\" \/>\n<meta property=\"og:type\" content=\"article\" \/>\n<meta property=\"og:title\" content=\"Set de D\u00e9gustation 6 Saveurs - Mate Amos\" \/>\n<meta property=\"og:description\" content=\"S\u00e9lection de six vari\u00e9t\u00e9s de m\u00e9langes, deux \u00e0 base de th\u00e9 noir, deux \u00e0 base de th\u00e9 rouge et deux \u00e0 base de th\u00e9 vert.\" \/>\n<meta property=\"og:url\" content=\"https:\/\/mateamos.eu\/fr\/shop\/the\/selection-melanges\/\" \/>\n<meta property=\"og:site_name\" content=\"Mate Amos\" \/>\n<meta property=\"article:modified_time\" content=\"2022-08-01T22:59:16+00:00\" \/>\n<meta property=\"og:image\" content=\"https:\/\/mateamos.eu\/wp-content\/uploads\/2022\/04\/CuraTe21_02_22_0116-2-scaled.jpg\" \/>\n\t<meta property=\"og:image:width\" content=\"2560\" \/>\n\t<meta property=\"og:image:height\" content=\"2560\" \/>\n\t<meta property=\"og:image:type\" content=\"image\/jpeg\" \/>\n<meta name=\"twitter:card\" content=\"summary_large_image\" \/>\n<meta name=\"twitter:label1\" content=\"Dur\u00e9e de lecture estim\u00e9e\" \/>\n\t<meta name=\"twitter:data1\" content=\"1 minute\" \/>\n<script type=\"application\/ld+json\" class=\"yoast-schema-graph\">{\"@context\":\"https:\\\/\\\/schema.org\",\"@graph\":[{\"@type\":\"WebPage\",\"@id\":\"https:\\\/\\\/mateamos.eu\\\/fr\\\/shop\\\/the\\\/selection-melanges\\\/\",\"url\":\"https:\\\/\\\/mateamos.eu\\\/fr\\\/shop\\\/the\\\/selection-melanges\\\/\",\"name\":\"Set de D\u00e9gustation 6 Saveurs - Mate Amos\",\"isPartOf\":{\"@id\":\"https:\\\/\\\/mateamos.eu\\\/#website\"},\"primaryImageOfPage\":{\"@id\":\"https:\\\/\\\/mateamos.eu\\\/fr\\\/shop\\\/the\\\/selection-melanges\\\/#primaryimage\"},\"image\":{\"@id\":\"https:\\\/\\\/mateamos.eu\\\/fr\\\/shop\\\/the\\\/selection-melanges\\\/#primaryimage\"},\"thumbnailUrl\":\"https:\\\/\\\/mateamos.eu\\\/wp-content\\\/uploads\\\/2022\\\/04\\\/CuraTe21_02_22_0116-2-scaled.jpg\",\"datePublished\":\"2022-06-28T22:37:08+00:00\",\"dateModified\":\"2022-08-01T22:59:16+00:00\",\"description\":\"S\u00e9lection de six vari\u00e9t\u00e9s de m\u00e9langes, deux \u00e0 base de th\u00e9 noir, deux \u00e0 base de th\u00e9 rouge et deux \u00e0 base de th\u00e9 vert.\",\"breadcrumb\":{\"@id\":\"https:\\\/\\\/mateamos.eu\\\/fr\\\/shop\\\/the\\\/selection-melanges\\\/#breadcrumb\"},\"inLanguage\":\"fr-FR\",\"potentialAction\":[{\"@type\":\"ReadAction\",\"target\":[\"https:\\\/\\\/mateamos.eu\\\/fr\\\/shop\\\/the\\\/selection-melanges\\\/\"]}]},{\"@type\":\"ImageObject\",\"inLanguage\":\"fr-FR\",\"@id\":\"https:\\\/\\\/mateamos.eu\\\/fr\\\/shop\\\/the\\\/selection-melanges\\\/#primaryimage\",\"url\":\"https:\\\/\\\/mateamos.eu\\\/wp-content\\\/uploads\\\/2022\\\/04\\\/CuraTe21_02_22_0116-2-scaled.jpg\",\"contentUrl\":\"https:\\\/\\\/mateamos.eu\\\/wp-content\\\/uploads\\\/2022\\\/04\\\/CuraTe21_02_22_0116-2-scaled.jpg\",\"width\":2560,\"height\":2560,\"caption\":\"S\u00e9lection de six vari\u00e9t\u00e9s de m\u00e9langes\"},{\"@type\":\"BreadcrumbList\",\"@id\":\"https:\\\/\\\/mateamos.eu\\\/fr\\\/shop\\\/the\\\/selection-melanges\\\/#breadcrumb\",\"itemListElement\":[{\"@type\":\"ListItem\",\"position\":1,\"name\":\"Portada\",\"item\":\"https:\\\/\\\/mateamos.eu\\\/fr\\\/home\\\/\"},{\"@type\":\"ListItem\",\"position\":2,\"name\":\"Boutique\",\"item\":\"https:\\\/\\\/mateamos.eu\\\/shop\\\/\"},{\"@type\":\"ListItem\",\"position\":3,\"name\":\"Set de D\u00e9gustation 6 Saveurs\"}]},{\"@type\":\"WebSite\",\"@id\":\"https:\\\/\\\/mateamos.eu\\\/#website\",\"url\":\"https:\\\/\\\/mateamos.eu\\\/\",\"name\":\"Mate Amos\",\"description\":\"Yerba Mate Premium\",\"publisher\":{\"@id\":\"https:\\\/\\\/mateamos.eu\\\/#organization\"},\"potentialAction\":[{\"@type\":\"SearchAction\",\"target\":{\"@type\":\"EntryPoint\",\"urlTemplate\":\"https:\\\/\\\/mateamos.eu\\\/?s={search_term_string}\"},\"query-input\":{\"@type\":\"PropertyValueSpecification\",\"valueRequired\":true,\"valueName\":\"search_term_string\"}}],\"inLanguage\":\"fr-FR\"},{\"@type\":\"Organization\",\"@id\":\"https:\\\/\\\/mateamos.eu\\\/#organization\",\"name\":\"Cura T\u00e9 Alma\",\"url\":\"https:\\\/\\\/mateamos.eu\\\/\",\"logo\":{\"@type\":\"ImageObject\",\"inLanguage\":\"fr-FR\",\"@id\":\"https:\\\/\\\/mateamos.eu\\\/#\\\/schema\\\/logo\\\/image\\\/\",\"url\":\"https:\\\/\\\/mateamos.eu\\\/wp-content\\\/uploads\\\/2021\\\/10\\\/mateamos.png\",\"contentUrl\":\"https:\\\/\\\/mateamos.eu\\\/wp-content\\\/uploads\\\/2021\\\/10\\\/mateamos.png\",\"width\":512,\"height\":512,\"caption\":\"Cura T\u00e9 Alma\"},\"image\":{\"@id\":\"https:\\\/\\\/mateamos.eu\\\/#\\\/schema\\\/logo\\\/image\\\/\"}}]}<\/script>\n<!-- \/ Yoast SEO plugin. -->","yoast_head_json":{"title":"Set de D\u00e9gustation 6 Saveurs - Mate Amos","description":"S\u00e9lection de six vari\u00e9t\u00e9s de m\u00e9langes, deux \u00e0 base de th\u00e9 noir, deux \u00e0 base de th\u00e9 rouge et deux \u00e0 base de th\u00e9 vert.","robots":{"index":"index","follow":"follow","max-snippet":"max-snippet:-1","max-image-preview":"max-image-preview:large","max-video-preview":"max-video-preview:-1"},"canonical":"https:\/\/mateamos.eu\/fr\/shop\/the\/selection-melanges\/","og_locale":"fr_FR","og_type":"article","og_title":"Set de D\u00e9gustation 6 Saveurs - Mate Amos","og_description":"S\u00e9lection de six vari\u00e9t\u00e9s de m\u00e9langes, deux \u00e0 base de th\u00e9 noir, deux \u00e0 base de th\u00e9 rouge et deux \u00e0 base de th\u00e9 vert.","og_url":"https:\/\/mateamos.eu\/fr\/shop\/the\/selection-melanges\/","og_site_name":"Mate Amos","article_modified_time":"2022-08-01T22:59:16+00:00","og_image":[{"width":2560,"height":2560,"url":"https:\/\/mateamos.eu\/wp-content\/uploads\/2022\/04\/CuraTe21_02_22_0116-2-scaled.jpg","type":"image\/jpeg"}],"twitter_card":"summary_large_image","twitter_misc":{"Dur\u00e9e de lecture estim\u00e9e":"1 minute"},"schema":{"@context":"https:\/\/schema.org","@graph":[{"@type":"WebPage","@id":"https:\/\/mateamos.eu\/fr\/shop\/the\/selection-melanges\/","url":"https:\/\/mateamos.eu\/fr\/shop\/the\/selection-melanges\/","name":"Set de D\u00e9gustation 6 Saveurs - Mate Amos","isPartOf":{"@id":"https:\/\/mateamos.eu\/#website"},"primaryImageOfPage":{"@id":"https:\/\/mateamos.eu\/fr\/shop\/the\/selection-melanges\/#primaryimage"},"image":{"@id":"https:\/\/mateamos.eu\/fr\/shop\/the\/selection-melanges\/#primaryimage"},"thumbnailUrl":"https:\/\/mateamos.eu\/wp-content\/uploads\/2022\/04\/CuraTe21_02_22_0116-2-scaled.jpg","datePublished":"2022-06-28T22:37:08+00:00","dateModified":"2022-08-01T22:59:16+00:00","description":"S\u00e9lection de six vari\u00e9t\u00e9s de m\u00e9langes, deux \u00e0 base de th\u00e9 noir, deux \u00e0 base de th\u00e9 rouge et deux \u00e0 base de th\u00e9 vert.","breadcrumb":{"@id":"https:\/\/mateamos.eu\/fr\/shop\/the\/selection-melanges\/#breadcrumb"},"inLanguage":"fr-FR","potentialAction":[{"@type":"ReadAction","target":["https:\/\/mateamos.eu\/fr\/shop\/the\/selection-melanges\/"]}]},{"@type":"ImageObject","inLanguage":"fr-FR","@id":"https:\/\/mateamos.eu\/fr\/shop\/the\/selection-melanges\/#primaryimage","url":"https:\/\/mateamos.eu\/wp-content\/uploads\/2022\/04\/CuraTe21_02_22_0116-2-scaled.jpg","contentUrl":"https:\/\/mateamos.eu\/wp-content\/uploads\/2022\/04\/CuraTe21_02_22_0116-2-scaled.jpg","width":2560,"height":2560,"caption":"S\u00e9lection de six vari\u00e9t\u00e9s de m\u00e9langes"},{"@type":"BreadcrumbList","@id":"https:\/\/mateamos.eu\/fr\/shop\/the\/selection-melanges\/#breadcrumb","itemListElement":[{"@type":"ListItem","position":1,"name":"Portada","item":"https:\/\/mateamos.eu\/fr\/home\/"},{"@type":"ListItem","position":2,"name":"Boutique","item":"https:\/\/mateamos.eu\/shop\/"},{"@type":"ListItem","position":3,"name":"Set de D\u00e9gustation 6 Saveurs"}]},{"@type":"WebSite","@id":"https:\/\/mateamos.eu\/#website","url":"https:\/\/mateamos.eu\/","name":"Mate Amos","description":"Yerba Mate Premium","publisher":{"@id":"https:\/\/mateamos.eu\/#organization"},"potentialAction":[{"@type":"SearchAction","target":{"@type":"EntryPoint","urlTemplate":"https:\/\/mateamos.eu\/?s={search_term_string}"},"query-input":{"@type":"PropertyValueSpecification","valueRequired":true,"valueName":"search_term_string"}}],"inLanguage":"fr-FR"},{"@type":"Organization","@id":"https:\/\/mateamos.eu\/#organization","name":"Cura T\u00e9 Alma","url":"https:\/\/mateamos.eu\/","logo":{"@type":"ImageObject","inLanguage":"fr-FR","@id":"https:\/\/mateamos.eu\/#\/schema\/logo\/image\/","url":"https:\/\/mateamos.eu\/wp-content\/uploads\/2021\/10\/mateamos.png","contentUrl":"https:\/\/mateamos.eu\/wp-content\/uploads\/2021\/10\/mateamos.png","width":512,"height":512,"caption":"Cura T\u00e9 Alma"},"image":{"@id":"https:\/\/mateamos.eu\/#\/schema\/logo\/image\/"}}]}},"_links":{"self":[{"href":"https:\/\/mateamos.eu\/fr\/wp-json\/wp\/v2\/product\/1607","targetHints":{"allow":["GET"]}}],"collection":[{"href":"https:\/\/mateamos.eu\/fr\/wp-json\/wp\/v2\/product"}],"about":[{"href":"https:\/\/mateamos.eu\/fr\/wp-json\/wp\/v2\/types\/product"}],"replies":[{"embeddable":true,"href":"https:\/\/mateamos.eu\/fr\/wp-json\/wp\/v2\/comments?post=1607"}],"wp:featuredmedia":[{"embeddable":true,"href":"https:\/\/mateamos.eu\/fr\/wp-json\/wp\/v2\/media\/1574"}],"wp:attachment":[{"href":"https:\/\/mateamos.eu\/fr\/wp-json\/wp\/v2\/media?parent=1607"}],"wp:term":[{"taxonomy":"product_brand","embeddable":true,"href":"https:\/\/mateamos.eu\/fr\/wp-json\/wp\/v2\/product_brand?post=1607"},{"taxonomy":"product_cat","embeddable":true,"href":"https:\/\/mateamos.eu\/fr\/wp-json\/wp\/v2\/product_cat?post=1607"},{"taxonomy":"product_tag","embeddable":true,"href":"https:\/\/mateamos.eu\/fr\/wp-json\/wp\/v2\/product_tag?post=1607"}],"curies":[{"name":"wp","href":"https:\/\/api.w.org\/{rel}","templated":true}]}}