{"id":1610,"date":"2022-04-20T12:11:50","date_gmt":"2022-06-29T01:25:06","guid":{"rendered":"https:\/\/mateamos.eu\/?post_type=product&#038;p=1610"},"modified":"2022-08-01T18:27:41","modified_gmt":"2022-08-01T21:27:41","slug":"jaguar-mate","status":"publish","type":"product","link":"https:\/\/mateamos.eu\/fr\/shop\/yerba-mate-fr\/jaguar-mate\/","title":{"rendered":"Jaguar &#8211; M\u00e9lange de Yerba Mate"},"content":{"rendered":"<p>\u00c9nergisant et \u00e9pic\u00e9. Yerba mate canchada avec des brins de th\u00e9, cardamome, coriandre, orange, gingembre.<\/p>\n<p>Ajoutez \u00e0 votre mat\u00e9, terer\u00e9, infusion ou cocktails habituels.<\/p>\n<p>Pr\u00e9sentation : 220 grs.<\/p>\n","protected":false},"excerpt":{"rendered":"<p style=\"text-align: left;\">220 grs de Jaguar- M\u00e9lange avec Yerba Mate<\/p>\n","protected":false},"featured_media":1525,"comment_status":"open","ping_status":"closed","template":"","meta":{"_acf_changed":false,"_et_pb_use_builder":"","_et_pb_old_content":"","_et_gb_content_width":"","_joinchat":[]},"product_brand":[],"product_cat":[57],"product_tag":[],"class_list":{"0":"post-1610","1":"product","2":"type-product","3":"status-publish","4":"has-post-thumbnail","6":"product_cat-yerba-mate-fr","8":"first","9":"outofstock","10":"taxable","11":"shipping-taxable","12":"purchasable","13":"product-type-simple"},"acf":{"codigoDeBarras":""},"yoast_head":"<!-- This site is optimized with the Yoast SEO plugin v27.4 - https:\/\/yoast.com\/product\/yoast-seo-wordpress\/ -->\n<title>Jaguar - M\u00e9lange de Yerba Mate - Mate Amos<\/title>\n<meta name=\"description\" content=\"Mat\u00e9 coup\u00e9 en brins, avec du th\u00e9 vert, du cardamome, du coriandre, de l\u2019orange et du gingembre.\" \/>\n<meta name=\"robots\" content=\"index, follow, max-snippet:-1, max-image-preview:large, max-video-preview:-1\" \/>\n<link rel=\"canonical\" href=\"https:\/\/mateamos.eu\/fr\/shop\/yerba-mate-fr\/jaguar-mate\/\" \/>\n<meta property=\"og:locale\" content=\"fr_FR\" \/>\n<meta property=\"og:type\" content=\"article\" \/>\n<meta property=\"og:title\" content=\"Jaguar - M\u00e9lange de Yerba Mate - Mate Amos\" \/>\n<meta property=\"og:description\" content=\"Mat\u00e9 coup\u00e9 en brins, avec du th\u00e9 vert, du cardamome, du coriandre, de l\u2019orange et du gingembre.\" \/>\n<meta property=\"og:url\" content=\"https:\/\/mateamos.eu\/fr\/shop\/yerba-mate-fr\/jaguar-mate\/\" \/>\n<meta property=\"og:site_name\" content=\"Mate Amos\" \/>\n<meta property=\"article:modified_time\" content=\"2022-08-01T21:27:41+00:00\" \/>\n<meta property=\"og:image\" content=\"https:\/\/mateamos.eu\/wp-content\/uploads\/2022\/04\/jaguar.png\" \/>\n\t<meta property=\"og:image:width\" content=\"1080\" \/>\n\t<meta property=\"og:image:height\" content=\"1080\" \/>\n\t<meta property=\"og:image:type\" content=\"image\/png\" \/>\n<meta name=\"twitter:card\" content=\"summary_large_image\" \/>\n<script type=\"application\/ld+json\" class=\"yoast-schema-graph\">{\"@context\":\"https:\\\/\\\/schema.org\",\"@graph\":[{\"@type\":\"WebPage\",\"@id\":\"https:\\\/\\\/mateamos.eu\\\/fr\\\/shop\\\/yerba-mate-fr\\\/jaguar-mate\\\/\",\"url\":\"https:\\\/\\\/mateamos.eu\\\/fr\\\/shop\\\/yerba-mate-fr\\\/jaguar-mate\\\/\",\"name\":\"Jaguar - M\u00e9lange de Yerba Mate - Mate Amos\",\"isPartOf\":{\"@id\":\"https:\\\/\\\/mateamos.eu\\\/#website\"},\"primaryImageOfPage\":{\"@id\":\"https:\\\/\\\/mateamos.eu\\\/fr\\\/shop\\\/yerba-mate-fr\\\/jaguar-mate\\\/#primaryimage\"},\"image\":{\"@id\":\"https:\\\/\\\/mateamos.eu\\\/fr\\\/shop\\\/yerba-mate-fr\\\/jaguar-mate\\\/#primaryimage\"},\"thumbnailUrl\":\"https:\\\/\\\/mateamos.eu\\\/wp-content\\\/uploads\\\/2022\\\/04\\\/jaguar.png\",\"datePublished\":\"2022-06-29T01:25:06+00:00\",\"dateModified\":\"2022-08-01T21:27:41+00:00\",\"description\":\"Mat\u00e9 coup\u00e9 en brins, avec du th\u00e9 vert, du cardamome, du coriandre, de l\u2019orange et du gingembre.\",\"breadcrumb\":{\"@id\":\"https:\\\/\\\/mateamos.eu\\\/fr\\\/shop\\\/yerba-mate-fr\\\/jaguar-mate\\\/#breadcrumb\"},\"inLanguage\":\"fr-FR\",\"potentialAction\":[{\"@type\":\"ReadAction\",\"target\":[\"https:\\\/\\\/mateamos.eu\\\/fr\\\/shop\\\/yerba-mate-fr\\\/jaguar-mate\\\/\"]}]},{\"@type\":\"ImageObject\",\"inLanguage\":\"fr-FR\",\"@id\":\"https:\\\/\\\/mateamos.eu\\\/fr\\\/shop\\\/yerba-mate-fr\\\/jaguar-mate\\\/#primaryimage\",\"url\":\"https:\\\/\\\/mateamos.eu\\\/wp-content\\\/uploads\\\/2022\\\/04\\\/jaguar.png\",\"contentUrl\":\"https:\\\/\\\/mateamos.eu\\\/wp-content\\\/uploads\\\/2022\\\/04\\\/jaguar.png\",\"width\":1080,\"height\":1080,\"caption\":\"M\u00e9lange avec du Mat\u00e9.\"},{\"@type\":\"BreadcrumbList\",\"@id\":\"https:\\\/\\\/mateamos.eu\\\/fr\\\/shop\\\/yerba-mate-fr\\\/jaguar-mate\\\/#breadcrumb\",\"itemListElement\":[{\"@type\":\"ListItem\",\"position\":1,\"name\":\"Portada\",\"item\":\"https:\\\/\\\/mateamos.eu\\\/fr\\\/home\\\/\"},{\"@type\":\"ListItem\",\"position\":2,\"name\":\"Boutique\",\"item\":\"https:\\\/\\\/mateamos.eu\\\/shop\\\/\"},{\"@type\":\"ListItem\",\"position\":3,\"name\":\"Jaguar &#8211; M\u00e9lange de Yerba Mate\"}]},{\"@type\":\"WebSite\",\"@id\":\"https:\\\/\\\/mateamos.eu\\\/#website\",\"url\":\"https:\\\/\\\/mateamos.eu\\\/\",\"name\":\"Mate Amos\",\"description\":\"Yerba Mate Premium\",\"publisher\":{\"@id\":\"https:\\\/\\\/mateamos.eu\\\/#organization\"},\"potentialAction\":[{\"@type\":\"SearchAction\",\"target\":{\"@type\":\"EntryPoint\",\"urlTemplate\":\"https:\\\/\\\/mateamos.eu\\\/?s={search_term_string}\"},\"query-input\":{\"@type\":\"PropertyValueSpecification\",\"valueRequired\":true,\"valueName\":\"search_term_string\"}}],\"inLanguage\":\"fr-FR\"},{\"@type\":\"Organization\",\"@id\":\"https:\\\/\\\/mateamos.eu\\\/#organization\",\"name\":\"Cura T\u00e9 Alma\",\"url\":\"https:\\\/\\\/mateamos.eu\\\/\",\"logo\":{\"@type\":\"ImageObject\",\"inLanguage\":\"fr-FR\",\"@id\":\"https:\\\/\\\/mateamos.eu\\\/#\\\/schema\\\/logo\\\/image\\\/\",\"url\":\"https:\\\/\\\/mateamos.eu\\\/wp-content\\\/uploads\\\/2021\\\/10\\\/mateamos.png\",\"contentUrl\":\"https:\\\/\\\/mateamos.eu\\\/wp-content\\\/uploads\\\/2021\\\/10\\\/mateamos.png\",\"width\":512,\"height\":512,\"caption\":\"Cura T\u00e9 Alma\"},\"image\":{\"@id\":\"https:\\\/\\\/mateamos.eu\\\/#\\\/schema\\\/logo\\\/image\\\/\"}}]}<\/script>\n<!-- \/ Yoast SEO plugin. -->","yoast_head_json":{"title":"Jaguar - M\u00e9lange de Yerba Mate - Mate Amos","description":"Mat\u00e9 coup\u00e9 en brins, avec du th\u00e9 vert, du cardamome, du coriandre, de l\u2019orange et du gingembre.","robots":{"index":"index","follow":"follow","max-snippet":"max-snippet:-1","max-image-preview":"max-image-preview:large","max-video-preview":"max-video-preview:-1"},"canonical":"https:\/\/mateamos.eu\/fr\/shop\/yerba-mate-fr\/jaguar-mate\/","og_locale":"fr_FR","og_type":"article","og_title":"Jaguar - M\u00e9lange de Yerba Mate - Mate Amos","og_description":"Mat\u00e9 coup\u00e9 en brins, avec du th\u00e9 vert, du cardamome, du coriandre, de l\u2019orange et du gingembre.","og_url":"https:\/\/mateamos.eu\/fr\/shop\/yerba-mate-fr\/jaguar-mate\/","og_site_name":"Mate Amos","article_modified_time":"2022-08-01T21:27:41+00:00","og_image":[{"width":1080,"height":1080,"url":"https:\/\/mateamos.eu\/wp-content\/uploads\/2022\/04\/jaguar.png","type":"image\/png"}],"twitter_card":"summary_large_image","schema":{"@context":"https:\/\/schema.org","@graph":[{"@type":"WebPage","@id":"https:\/\/mateamos.eu\/fr\/shop\/yerba-mate-fr\/jaguar-mate\/","url":"https:\/\/mateamos.eu\/fr\/shop\/yerba-mate-fr\/jaguar-mate\/","name":"Jaguar - M\u00e9lange de Yerba Mate - Mate Amos","isPartOf":{"@id":"https:\/\/mateamos.eu\/#website"},"primaryImageOfPage":{"@id":"https:\/\/mateamos.eu\/fr\/shop\/yerba-mate-fr\/jaguar-mate\/#primaryimage"},"image":{"@id":"https:\/\/mateamos.eu\/fr\/shop\/yerba-mate-fr\/jaguar-mate\/#primaryimage"},"thumbnailUrl":"https:\/\/mateamos.eu\/wp-content\/uploads\/2022\/04\/jaguar.png","datePublished":"2022-06-29T01:25:06+00:00","dateModified":"2022-08-01T21:27:41+00:00","description":"Mat\u00e9 coup\u00e9 en brins, avec du th\u00e9 vert, du cardamome, du coriandre, de l\u2019orange et du gingembre.","breadcrumb":{"@id":"https:\/\/mateamos.eu\/fr\/shop\/yerba-mate-fr\/jaguar-mate\/#breadcrumb"},"inLanguage":"fr-FR","potentialAction":[{"@type":"ReadAction","target":["https:\/\/mateamos.eu\/fr\/shop\/yerba-mate-fr\/jaguar-mate\/"]}]},{"@type":"ImageObject","inLanguage":"fr-FR","@id":"https:\/\/mateamos.eu\/fr\/shop\/yerba-mate-fr\/jaguar-mate\/#primaryimage","url":"https:\/\/mateamos.eu\/wp-content\/uploads\/2022\/04\/jaguar.png","contentUrl":"https:\/\/mateamos.eu\/wp-content\/uploads\/2022\/04\/jaguar.png","width":1080,"height":1080,"caption":"M\u00e9lange avec du Mat\u00e9."},{"@type":"BreadcrumbList","@id":"https:\/\/mateamos.eu\/fr\/shop\/yerba-mate-fr\/jaguar-mate\/#breadcrumb","itemListElement":[{"@type":"ListItem","position":1,"name":"Portada","item":"https:\/\/mateamos.eu\/fr\/home\/"},{"@type":"ListItem","position":2,"name":"Boutique","item":"https:\/\/mateamos.eu\/shop\/"},{"@type":"ListItem","position":3,"name":"Jaguar &#8211; M\u00e9lange de Yerba Mate"}]},{"@type":"WebSite","@id":"https:\/\/mateamos.eu\/#website","url":"https:\/\/mateamos.eu\/","name":"Mate Amos","description":"Yerba Mate Premium","publisher":{"@id":"https:\/\/mateamos.eu\/#organization"},"potentialAction":[{"@type":"SearchAction","target":{"@type":"EntryPoint","urlTemplate":"https:\/\/mateamos.eu\/?s={search_term_string}"},"query-input":{"@type":"PropertyValueSpecification","valueRequired":true,"valueName":"search_term_string"}}],"inLanguage":"fr-FR"},{"@type":"Organization","@id":"https:\/\/mateamos.eu\/#organization","name":"Cura T\u00e9 Alma","url":"https:\/\/mateamos.eu\/","logo":{"@type":"ImageObject","inLanguage":"fr-FR","@id":"https:\/\/mateamos.eu\/#\/schema\/logo\/image\/","url":"https:\/\/mateamos.eu\/wp-content\/uploads\/2021\/10\/mateamos.png","contentUrl":"https:\/\/mateamos.eu\/wp-content\/uploads\/2021\/10\/mateamos.png","width":512,"height":512,"caption":"Cura T\u00e9 Alma"},"image":{"@id":"https:\/\/mateamos.eu\/#\/schema\/logo\/image\/"}}]}},"_links":{"self":[{"href":"https:\/\/mateamos.eu\/fr\/wp-json\/wp\/v2\/product\/1610","targetHints":{"allow":["GET"]}}],"collection":[{"href":"https:\/\/mateamos.eu\/fr\/wp-json\/wp\/v2\/product"}],"about":[{"href":"https:\/\/mateamos.eu\/fr\/wp-json\/wp\/v2\/types\/product"}],"replies":[{"embeddable":true,"href":"https:\/\/mateamos.eu\/fr\/wp-json\/wp\/v2\/comments?post=1610"}],"wp:featuredmedia":[{"embeddable":true,"href":"https:\/\/mateamos.eu\/fr\/wp-json\/wp\/v2\/media\/1525"}],"wp:attachment":[{"href":"https:\/\/mateamos.eu\/fr\/wp-json\/wp\/v2\/media?parent=1610"}],"wp:term":[{"taxonomy":"product_brand","embeddable":true,"href":"https:\/\/mateamos.eu\/fr\/wp-json\/wp\/v2\/product_brand?post=1610"},{"taxonomy":"product_cat","embeddable":true,"href":"https:\/\/mateamos.eu\/fr\/wp-json\/wp\/v2\/product_cat?post=1610"},{"taxonomy":"product_tag","embeddable":true,"href":"https:\/\/mateamos.eu\/fr\/wp-json\/wp\/v2\/product_tag?post=1610"}],"curies":[{"name":"wp","href":"https:\/\/api.w.org\/{rel}","templated":true}]}}