{"id":1613,"date":"2022-04-20T11:54:53","date_gmt":"2022-06-29T02:49:01","guid":{"rendered":"https:\/\/mateamos.eu\/?post_type=product&#038;p=1613"},"modified":"2022-08-01T19:17:22","modified_gmt":"2022-08-01T22:17:22","slug":"thai-matea-sachets-de-the","status":"publish","type":"product","link":"https:\/\/mateamos.eu\/fr\/shop\/the\/thai-matea-sachets-de-the\/","title":{"rendered":"Thai Matea &#8211; Sachets de th\u00e9"},"content":{"rendered":"<p>D\u00e9tox. Th\u00e9 vert et yerba mate. Vigoureux et d\u00e9licieux m\u00e9lange tha\u00eflandais d\u00e9tox, purifiant et \u00e9nergisant, avec du citron et du gingembre.<\/p>\n<p>Bo\u00eete \u00e0 ouverture frontale avec 15 sachets de de th\u00e9 suremball\u00e9s.<\/p>\n","protected":false},"excerpt":{"rendered":"<p>Sachets de th\u00e9 avec du th\u00e9 vert et yerba mate.<\/p>\n","protected":false},"featured_media":2564,"comment_status":"open","ping_status":"closed","template":"","meta":{"_acf_changed":false,"_et_pb_use_builder":"","_et_pb_old_content":"","_et_gb_content_width":"","_joinchat":[]},"product_brand":[],"product_cat":[55],"product_tag":[],"class_list":{"0":"post-1613","1":"product","2":"type-product","3":"status-publish","4":"has-post-thumbnail","6":"product_cat-the","8":"first","9":"outofstock","10":"taxable","11":"shipping-taxable","12":"purchasable","13":"product-type-simple"},"acf":{"codigoDeBarras":""},"yoast_head":"<!-- This site is optimized with the Yoast SEO plugin v27.3 - https:\/\/yoast.com\/product\/yoast-seo-wordpress\/ -->\n<title>Thai Matea - Sachets de th\u00e9 - Mate Amos<\/title>\n<meta name=\"description\" content=\"d\u00e9licieux m\u00e9lange tha\u00eflandais d\u00e9tox, purifiant et \u00e9nergisant, avec du citron et du gingembre.\" \/>\n<meta name=\"robots\" content=\"index, follow, max-snippet:-1, max-image-preview:large, max-video-preview:-1\" \/>\n<link rel=\"canonical\" href=\"https:\/\/mateamos.eu\/fr\/shop\/the\/thai-matea-sachets-de-the\/\" \/>\n<meta property=\"og:locale\" content=\"fr_FR\" \/>\n<meta property=\"og:type\" content=\"article\" \/>\n<meta property=\"og:title\" content=\"Thai Matea - Sachets de th\u00e9 - Mate Amos\" \/>\n<meta property=\"og:description\" content=\"d\u00e9licieux m\u00e9lange tha\u00eflandais d\u00e9tox, purifiant et \u00e9nergisant, avec du citron et du gingembre.\" \/>\n<meta property=\"og:url\" content=\"https:\/\/mateamos.eu\/fr\/shop\/the\/thai-matea-sachets-de-the\/\" \/>\n<meta property=\"og:site_name\" content=\"Mate Amos\" \/>\n<meta property=\"article:modified_time\" content=\"2022-08-01T22:17:22+00:00\" \/>\n<meta property=\"og:image\" content=\"https:\/\/mateamos.eu\/wp-content\/uploads\/2022\/07\/CuraTeAlma5_19_0003-fondo-gris.jpg\" \/>\n\t<meta property=\"og:image:width\" content=\"1080\" \/>\n\t<meta property=\"og:image:height\" content=\"720\" \/>\n\t<meta property=\"og:image:type\" content=\"image\/jpeg\" \/>\n<meta name=\"twitter:card\" content=\"summary_large_image\" \/>\n<script type=\"application\/ld+json\" class=\"yoast-schema-graph\">{\"@context\":\"https:\\\/\\\/schema.org\",\"@graph\":[{\"@type\":\"WebPage\",\"@id\":\"https:\\\/\\\/mateamos.eu\\\/fr\\\/shop\\\/the\\\/thai-matea-sachets-de-the\\\/\",\"url\":\"https:\\\/\\\/mateamos.eu\\\/fr\\\/shop\\\/the\\\/thai-matea-sachets-de-the\\\/\",\"name\":\"Thai Matea - Sachets de th\u00e9 - Mate Amos\",\"isPartOf\":{\"@id\":\"https:\\\/\\\/mateamos.eu\\\/#website\"},\"primaryImageOfPage\":{\"@id\":\"https:\\\/\\\/mateamos.eu\\\/fr\\\/shop\\\/the\\\/thai-matea-sachets-de-the\\\/#primaryimage\"},\"image\":{\"@id\":\"https:\\\/\\\/mateamos.eu\\\/fr\\\/shop\\\/the\\\/thai-matea-sachets-de-the\\\/#primaryimage\"},\"thumbnailUrl\":\"https:\\\/\\\/mateamos.eu\\\/wp-content\\\/uploads\\\/2022\\\/07\\\/CuraTeAlma5_19_0003-fondo-gris.jpg\",\"datePublished\":\"2022-06-29T02:49:01+00:00\",\"dateModified\":\"2022-08-01T22:17:22+00:00\",\"description\":\"d\u00e9licieux m\u00e9lange tha\u00eflandais d\u00e9tox, purifiant et \u00e9nergisant, avec du citron et du gingembre.\",\"breadcrumb\":{\"@id\":\"https:\\\/\\\/mateamos.eu\\\/fr\\\/shop\\\/the\\\/thai-matea-sachets-de-the\\\/#breadcrumb\"},\"inLanguage\":\"fr-FR\",\"potentialAction\":[{\"@type\":\"ReadAction\",\"target\":[\"https:\\\/\\\/mateamos.eu\\\/fr\\\/shop\\\/the\\\/thai-matea-sachets-de-the\\\/\"]}]},{\"@type\":\"ImageObject\",\"inLanguage\":\"fr-FR\",\"@id\":\"https:\\\/\\\/mateamos.eu\\\/fr\\\/shop\\\/the\\\/thai-matea-sachets-de-the\\\/#primaryimage\",\"url\":\"https:\\\/\\\/mateamos.eu\\\/wp-content\\\/uploads\\\/2022\\\/07\\\/CuraTeAlma5_19_0003-fondo-gris.jpg\",\"contentUrl\":\"https:\\\/\\\/mateamos.eu\\\/wp-content\\\/uploads\\\/2022\\\/07\\\/CuraTeAlma5_19_0003-fondo-gris.jpg\",\"width\":1080,\"height\":720},{\"@type\":\"BreadcrumbList\",\"@id\":\"https:\\\/\\\/mateamos.eu\\\/fr\\\/shop\\\/the\\\/thai-matea-sachets-de-the\\\/#breadcrumb\",\"itemListElement\":[{\"@type\":\"ListItem\",\"position\":1,\"name\":\"Portada\",\"item\":\"https:\\\/\\\/mateamos.eu\\\/fr\\\/home\\\/\"},{\"@type\":\"ListItem\",\"position\":2,\"name\":\"Boutique\",\"item\":\"https:\\\/\\\/mateamos.eu\\\/shop\\\/\"},{\"@type\":\"ListItem\",\"position\":3,\"name\":\"Thai Matea &#8211; Sachets de th\u00e9\"}]},{\"@type\":\"WebSite\",\"@id\":\"https:\\\/\\\/mateamos.eu\\\/#website\",\"url\":\"https:\\\/\\\/mateamos.eu\\\/\",\"name\":\"Mate Amos\",\"description\":\"Yerba Mate Premium\",\"publisher\":{\"@id\":\"https:\\\/\\\/mateamos.eu\\\/#organization\"},\"potentialAction\":[{\"@type\":\"SearchAction\",\"target\":{\"@type\":\"EntryPoint\",\"urlTemplate\":\"https:\\\/\\\/mateamos.eu\\\/?s={search_term_string}\"},\"query-input\":{\"@type\":\"PropertyValueSpecification\",\"valueRequired\":true,\"valueName\":\"search_term_string\"}}],\"inLanguage\":\"fr-FR\"},{\"@type\":\"Organization\",\"@id\":\"https:\\\/\\\/mateamos.eu\\\/#organization\",\"name\":\"Cura T\u00e9 Alma\",\"url\":\"https:\\\/\\\/mateamos.eu\\\/\",\"logo\":{\"@type\":\"ImageObject\",\"inLanguage\":\"fr-FR\",\"@id\":\"https:\\\/\\\/mateamos.eu\\\/#\\\/schema\\\/logo\\\/image\\\/\",\"url\":\"https:\\\/\\\/mateamos.eu\\\/wp-content\\\/uploads\\\/2021\\\/10\\\/mateamos.png\",\"contentUrl\":\"https:\\\/\\\/mateamos.eu\\\/wp-content\\\/uploads\\\/2021\\\/10\\\/mateamos.png\",\"width\":512,\"height\":512,\"caption\":\"Cura T\u00e9 Alma\"},\"image\":{\"@id\":\"https:\\\/\\\/mateamos.eu\\\/#\\\/schema\\\/logo\\\/image\\\/\"}}]}<\/script>\n<!-- \/ Yoast SEO plugin. -->","yoast_head_json":{"title":"Thai Matea - Sachets de th\u00e9 - Mate Amos","description":"d\u00e9licieux m\u00e9lange tha\u00eflandais d\u00e9tox, purifiant et \u00e9nergisant, avec du citron et du gingembre.","robots":{"index":"index","follow":"follow","max-snippet":"max-snippet:-1","max-image-preview":"max-image-preview:large","max-video-preview":"max-video-preview:-1"},"canonical":"https:\/\/mateamos.eu\/fr\/shop\/the\/thai-matea-sachets-de-the\/","og_locale":"fr_FR","og_type":"article","og_title":"Thai Matea - Sachets de th\u00e9 - Mate Amos","og_description":"d\u00e9licieux m\u00e9lange tha\u00eflandais d\u00e9tox, purifiant et \u00e9nergisant, avec du citron et du gingembre.","og_url":"https:\/\/mateamos.eu\/fr\/shop\/the\/thai-matea-sachets-de-the\/","og_site_name":"Mate Amos","article_modified_time":"2022-08-01T22:17:22+00:00","og_image":[{"width":1080,"height":720,"url":"https:\/\/mateamos.eu\/wp-content\/uploads\/2022\/07\/CuraTeAlma5_19_0003-fondo-gris.jpg","type":"image\/jpeg"}],"twitter_card":"summary_large_image","schema":{"@context":"https:\/\/schema.org","@graph":[{"@type":"WebPage","@id":"https:\/\/mateamos.eu\/fr\/shop\/the\/thai-matea-sachets-de-the\/","url":"https:\/\/mateamos.eu\/fr\/shop\/the\/thai-matea-sachets-de-the\/","name":"Thai Matea - Sachets de th\u00e9 - Mate Amos","isPartOf":{"@id":"https:\/\/mateamos.eu\/#website"},"primaryImageOfPage":{"@id":"https:\/\/mateamos.eu\/fr\/shop\/the\/thai-matea-sachets-de-the\/#primaryimage"},"image":{"@id":"https:\/\/mateamos.eu\/fr\/shop\/the\/thai-matea-sachets-de-the\/#primaryimage"},"thumbnailUrl":"https:\/\/mateamos.eu\/wp-content\/uploads\/2022\/07\/CuraTeAlma5_19_0003-fondo-gris.jpg","datePublished":"2022-06-29T02:49:01+00:00","dateModified":"2022-08-01T22:17:22+00:00","description":"d\u00e9licieux m\u00e9lange tha\u00eflandais d\u00e9tox, purifiant et \u00e9nergisant, avec du citron et du gingembre.","breadcrumb":{"@id":"https:\/\/mateamos.eu\/fr\/shop\/the\/thai-matea-sachets-de-the\/#breadcrumb"},"inLanguage":"fr-FR","potentialAction":[{"@type":"ReadAction","target":["https:\/\/mateamos.eu\/fr\/shop\/the\/thai-matea-sachets-de-the\/"]}]},{"@type":"ImageObject","inLanguage":"fr-FR","@id":"https:\/\/mateamos.eu\/fr\/shop\/the\/thai-matea-sachets-de-the\/#primaryimage","url":"https:\/\/mateamos.eu\/wp-content\/uploads\/2022\/07\/CuraTeAlma5_19_0003-fondo-gris.jpg","contentUrl":"https:\/\/mateamos.eu\/wp-content\/uploads\/2022\/07\/CuraTeAlma5_19_0003-fondo-gris.jpg","width":1080,"height":720},{"@type":"BreadcrumbList","@id":"https:\/\/mateamos.eu\/fr\/shop\/the\/thai-matea-sachets-de-the\/#breadcrumb","itemListElement":[{"@type":"ListItem","position":1,"name":"Portada","item":"https:\/\/mateamos.eu\/fr\/home\/"},{"@type":"ListItem","position":2,"name":"Boutique","item":"https:\/\/mateamos.eu\/shop\/"},{"@type":"ListItem","position":3,"name":"Thai Matea &#8211; Sachets de th\u00e9"}]},{"@type":"WebSite","@id":"https:\/\/mateamos.eu\/#website","url":"https:\/\/mateamos.eu\/","name":"Mate Amos","description":"Yerba Mate Premium","publisher":{"@id":"https:\/\/mateamos.eu\/#organization"},"potentialAction":[{"@type":"SearchAction","target":{"@type":"EntryPoint","urlTemplate":"https:\/\/mateamos.eu\/?s={search_term_string}"},"query-input":{"@type":"PropertyValueSpecification","valueRequired":true,"valueName":"search_term_string"}}],"inLanguage":"fr-FR"},{"@type":"Organization","@id":"https:\/\/mateamos.eu\/#organization","name":"Cura T\u00e9 Alma","url":"https:\/\/mateamos.eu\/","logo":{"@type":"ImageObject","inLanguage":"fr-FR","@id":"https:\/\/mateamos.eu\/#\/schema\/logo\/image\/","url":"https:\/\/mateamos.eu\/wp-content\/uploads\/2021\/10\/mateamos.png","contentUrl":"https:\/\/mateamos.eu\/wp-content\/uploads\/2021\/10\/mateamos.png","width":512,"height":512,"caption":"Cura T\u00e9 Alma"},"image":{"@id":"https:\/\/mateamos.eu\/#\/schema\/logo\/image\/"}}]}},"_links":{"self":[{"href":"https:\/\/mateamos.eu\/fr\/wp-json\/wp\/v2\/product\/1613","targetHints":{"allow":["GET"]}}],"collection":[{"href":"https:\/\/mateamos.eu\/fr\/wp-json\/wp\/v2\/product"}],"about":[{"href":"https:\/\/mateamos.eu\/fr\/wp-json\/wp\/v2\/types\/product"}],"replies":[{"embeddable":true,"href":"https:\/\/mateamos.eu\/fr\/wp-json\/wp\/v2\/comments?post=1613"}],"wp:featuredmedia":[{"embeddable":true,"href":"https:\/\/mateamos.eu\/fr\/wp-json\/wp\/v2\/media\/2564"}],"wp:attachment":[{"href":"https:\/\/mateamos.eu\/fr\/wp-json\/wp\/v2\/media?parent=1613"}],"wp:term":[{"taxonomy":"product_brand","embeddable":true,"href":"https:\/\/mateamos.eu\/fr\/wp-json\/wp\/v2\/product_brand?post=1613"},{"taxonomy":"product_cat","embeddable":true,"href":"https:\/\/mateamos.eu\/fr\/wp-json\/wp\/v2\/product_cat?post=1613"},{"taxonomy":"product_tag","embeddable":true,"href":"https:\/\/mateamos.eu\/fr\/wp-json\/wp\/v2\/product_tag?post=1613"}],"curies":[{"name":"wp","href":"https:\/\/api.w.org\/{rel}","templated":true}]}}